{"id":19034,"date":"2015-12-15T13:27:39","date_gmt":"2015-12-15T12:27:39","guid":{"rendered":"https:\/\/notesofzagreb.com\/product\/sapat-psima\/"},"modified":"2024-09-25T16:10:39","modified_gmt":"2024-09-25T14:10:39","slug":"sapat-psima","status":"publish","type":"product","link":"https:\/\/notesofzagreb.com\/hr\/proizvod\/sapat-psima\/","title":{"rendered":"\u0160apat psima"},"content":{"rendered":"","protected":false},"excerpt":{"rendered":"<p>Dog Whisper Nanesite na suhu dlaku. Dr\u017eite aplikator otprilike 30 cm od \u017eeljenog podru\u010dja dlake i \u0161tedljivo nanesite. Izbjegavajte lice, o\u010di i nos. Na\u0161i parfemi za pse najbolji su zavr\u0161ni detalj nakon svakog \u0161i\u0161anja ili se jednostavno koriste za osvje\u017eenje izme\u0111u \u0161i\u0161anja ili kupanja.<\/p>\n","protected":false},"featured_media":18518,"comment_status":"closed","ping_status":"closed","template":"","meta":{"_monsterinsights_skip_tracking":false,"_monsterinsights_sitenote_active":false,"_monsterinsights_sitenote_note":"","_monsterinsights_sitenote_category":0},"product_cat":[316],"product_tag":[],"class_list":{"0":"post-19034","1":"product","2":"type-product","3":"status-publish","4":"has-post-thumbnail","6":"product_cat-parfemi-za-pse","8":"first","9":"outofstock","10":"shipping-taxable","11":"purchasable","12":"product-type-variable"},"yoast_head":"<!-- This site is optimized with the Yoast SEO plugin v24.2 - https:\/\/yoast.com\/wordpress\/plugins\/seo\/ -->\n<title>\u0160apat psima - Notes of Zagreb<\/title>\n<meta name=\"robots\" content=\"index, follow, max-snippet:-1, max-image-preview:large, max-video-preview:-1\" \/>\n<link rel=\"canonical\" href=\"https:\/\/notesofzagreb.com\/hr\/proizvod\/sapat-psima\/\" \/>\n<meta property=\"og:locale\" content=\"hr_HR\" \/>\n<meta property=\"og:type\" content=\"article\" \/>\n<meta property=\"og:title\" content=\"\u0160apat psima - Notes of Zagreb\" \/>\n<meta property=\"og:description\" content=\"Dog Whisper Nanesite na suhu dlaku. Dr\u017eite aplikator otprilike 30 cm od \u017eeljenog podru\u010dja dlake i \u0161tedljivo nanesite. Izbjegavajte lice, o\u010di i nos. Na\u0161i parfemi za pse najbolji su zavr\u0161ni detalj nakon svakog \u0161i\u0161anja ili se jednostavno koriste za osvje\u017eenje izme\u0111u \u0161i\u0161anja ili kupanja.\" \/>\n<meta property=\"og:url\" content=\"https:\/\/notesofzagreb.com\/hr\/proizvod\/sapat-psima\/\" \/>\n<meta property=\"og:site_name\" content=\"Notes of Zagreb\" \/>\n<meta property=\"article:publisher\" content=\"http:\/\/facebook.com\/NotesofZagreb\/\" \/>\n<meta property=\"article:modified_time\" content=\"2024-09-25T14:10:39+00:00\" \/>\n<meta property=\"og:image\" content=\"https:\/\/notesofzagreb.com\/wp-content\/uploads\/2015\/12\/Dog-perfumes_dog-whisper_p.jpg\" \/>\n\t<meta property=\"og:image:width\" content=\"720\" \/>\n\t<meta property=\"og:image:height\" content=\"450\" \/>\n\t<meta property=\"og:image:type\" content=\"image\/jpeg\" \/>\n<meta name=\"twitter:card\" content=\"summary_large_image\" \/>\n<meta name=\"twitter:label1\" content=\"Procijenjeno vrijeme \u010ditanja\" \/>\n\t<meta name=\"twitter:data1\" content=\"1 minuta\" \/>\n<script type=\"application\/ld+json\" class=\"yoast-schema-graph\">{\"@context\":\"https:\/\/schema.org\",\"@graph\":[{\"@type\":\"WebPage\",\"@id\":\"https:\/\/notesofzagreb.com\/hr\/proizvod\/sapat-psima\/\",\"url\":\"https:\/\/notesofzagreb.com\/hr\/proizvod\/sapat-psima\/\",\"name\":\"\u0160apat psima - Notes of Zagreb\",\"isPartOf\":{\"@id\":\"https:\/\/notesofzagreb.com\/hr\/#website\"},\"primaryImageOfPage\":{\"@id\":\"https:\/\/notesofzagreb.com\/hr\/proizvod\/sapat-psima\/#primaryimage\"},\"image\":{\"@id\":\"https:\/\/notesofzagreb.com\/hr\/proizvod\/sapat-psima\/#primaryimage\"},\"thumbnailUrl\":\"https:\/\/notesofzagreb.com\/wp-content\/uploads\/2015\/12\/Dog-perfumes_dog-whisper_p.jpg\",\"datePublished\":\"2015-12-15T12:27:39+00:00\",\"dateModified\":\"2024-09-25T14:10:39+00:00\",\"breadcrumb\":{\"@id\":\"https:\/\/notesofzagreb.com\/hr\/proizvod\/sapat-psima\/#breadcrumb\"},\"inLanguage\":\"hr\",\"potentialAction\":[{\"@type\":\"ReadAction\",\"target\":[\"https:\/\/notesofzagreb.com\/hr\/proizvod\/sapat-psima\/\"]}]},{\"@type\":\"ImageObject\",\"inLanguage\":\"hr\",\"@id\":\"https:\/\/notesofzagreb.com\/hr\/proizvod\/sapat-psima\/#primaryimage\",\"url\":\"https:\/\/notesofzagreb.com\/wp-content\/uploads\/2015\/12\/Dog-perfumes_dog-whisper_p.jpg\",\"contentUrl\":\"https:\/\/notesofzagreb.com\/wp-content\/uploads\/2015\/12\/Dog-perfumes_dog-whisper_p.jpg\",\"width\":720,\"height\":450},{\"@type\":\"BreadcrumbList\",\"@id\":\"https:\/\/notesofzagreb.com\/hr\/proizvod\/sapat-psima\/#breadcrumb\",\"itemListElement\":[{\"@type\":\"ListItem\",\"position\":1,\"name\":\"Home\",\"item\":\"https:\/\/notesofzagreb.com\/hr\/\"},{\"@type\":\"ListItem\",\"position\":2,\"name\":\"Kupujte sve proizvode\",\"item\":\"https:\/\/notesofzagreb.com\/hr\/shop\/\"},{\"@type\":\"ListItem\",\"position\":3,\"name\":\"\u0160apat psima\"}]},{\"@type\":\"WebSite\",\"@id\":\"https:\/\/notesofzagreb.com\/hr\/#website\",\"url\":\"https:\/\/notesofzagreb.com\/hr\/\",\"name\":\"Notes of Zagreb\",\"description\":\"Home Fragrances\",\"publisher\":{\"@id\":\"https:\/\/notesofzagreb.com\/hr\/#organization\"},\"potentialAction\":[{\"@type\":\"SearchAction\",\"target\":{\"@type\":\"EntryPoint\",\"urlTemplate\":\"https:\/\/notesofzagreb.com\/hr\/?s={search_term_string}\"},\"query-input\":{\"@type\":\"PropertyValueSpecification\",\"valueRequired\":true,\"valueName\":\"search_term_string\"}}],\"inLanguage\":\"hr\"},{\"@type\":\"Organization\",\"@id\":\"https:\/\/notesofzagreb.com\/hr\/#organization\",\"name\":\"Notes of Zagreb\",\"url\":\"https:\/\/notesofzagreb.com\/hr\/\",\"logo\":{\"@type\":\"ImageObject\",\"inLanguage\":\"hr\",\"@id\":\"https:\/\/notesofzagreb.com\/hr\/#\/schema\/logo\/image\/\",\"url\":\"https:\/\/notesofzagreb.com\/wp-content\/uploads\/2014\/12\/NoZ_logo_mobile.png\",\"contentUrl\":\"https:\/\/notesofzagreb.com\/wp-content\/uploads\/2014\/12\/NoZ_logo_mobile.png\",\"width\":229,\"height\":55,\"caption\":\"Notes of Zagreb\"},\"image\":{\"@id\":\"https:\/\/notesofzagreb.com\/hr\/#\/schema\/logo\/image\/\"},\"sameAs\":[\"http:\/\/facebook.com\/NotesofZagreb\/\",\"https:\/\/www.instagram.com\/notesofzagreb\/?hl=en\"]}]}<\/script>\n<!-- \/ Yoast SEO plugin. -->","yoast_head_json":{"title":"\u0160apat psima - Notes of Zagreb","robots":{"index":"index","follow":"follow","max-snippet":"max-snippet:-1","max-image-preview":"max-image-preview:large","max-video-preview":"max-video-preview:-1"},"canonical":"https:\/\/notesofzagreb.com\/hr\/proizvod\/sapat-psima\/","og_locale":"hr_HR","og_type":"article","og_title":"\u0160apat psima - Notes of Zagreb","og_description":"Dog Whisper Nanesite na suhu dlaku. Dr\u017eite aplikator otprilike 30 cm od \u017eeljenog podru\u010dja dlake i \u0161tedljivo nanesite. Izbjegavajte lice, o\u010di i nos. Na\u0161i parfemi za pse najbolji su zavr\u0161ni detalj nakon svakog \u0161i\u0161anja ili se jednostavno koriste za osvje\u017eenje izme\u0111u \u0161i\u0161anja ili kupanja.","og_url":"https:\/\/notesofzagreb.com\/hr\/proizvod\/sapat-psima\/","og_site_name":"Notes of Zagreb","article_publisher":"http:\/\/facebook.com\/NotesofZagreb\/","article_modified_time":"2024-09-25T14:10:39+00:00","og_image":[{"width":720,"height":450,"url":"https:\/\/notesofzagreb.com\/wp-content\/uploads\/2015\/12\/Dog-perfumes_dog-whisper_p.jpg","type":"image\/jpeg"}],"twitter_card":"summary_large_image","twitter_misc":{"Procijenjeno vrijeme \u010ditanja":"1 minuta"},"schema":{"@context":"https:\/\/schema.org","@graph":[{"@type":"WebPage","@id":"https:\/\/notesofzagreb.com\/hr\/proizvod\/sapat-psima\/","url":"https:\/\/notesofzagreb.com\/hr\/proizvod\/sapat-psima\/","name":"\u0160apat psima - Notes of Zagreb","isPartOf":{"@id":"https:\/\/notesofzagreb.com\/hr\/#website"},"primaryImageOfPage":{"@id":"https:\/\/notesofzagreb.com\/hr\/proizvod\/sapat-psima\/#primaryimage"},"image":{"@id":"https:\/\/notesofzagreb.com\/hr\/proizvod\/sapat-psima\/#primaryimage"},"thumbnailUrl":"https:\/\/notesofzagreb.com\/wp-content\/uploads\/2015\/12\/Dog-perfumes_dog-whisper_p.jpg","datePublished":"2015-12-15T12:27:39+00:00","dateModified":"2024-09-25T14:10:39+00:00","breadcrumb":{"@id":"https:\/\/notesofzagreb.com\/hr\/proizvod\/sapat-psima\/#breadcrumb"},"inLanguage":"hr","potentialAction":[{"@type":"ReadAction","target":["https:\/\/notesofzagreb.com\/hr\/proizvod\/sapat-psima\/"]}]},{"@type":"ImageObject","inLanguage":"hr","@id":"https:\/\/notesofzagreb.com\/hr\/proizvod\/sapat-psima\/#primaryimage","url":"https:\/\/notesofzagreb.com\/wp-content\/uploads\/2015\/12\/Dog-perfumes_dog-whisper_p.jpg","contentUrl":"https:\/\/notesofzagreb.com\/wp-content\/uploads\/2015\/12\/Dog-perfumes_dog-whisper_p.jpg","width":720,"height":450},{"@type":"BreadcrumbList","@id":"https:\/\/notesofzagreb.com\/hr\/proizvod\/sapat-psima\/#breadcrumb","itemListElement":[{"@type":"ListItem","position":1,"name":"Home","item":"https:\/\/notesofzagreb.com\/hr\/"},{"@type":"ListItem","position":2,"name":"Kupujte sve proizvode","item":"https:\/\/notesofzagreb.com\/hr\/shop\/"},{"@type":"ListItem","position":3,"name":"\u0160apat psima"}]},{"@type":"WebSite","@id":"https:\/\/notesofzagreb.com\/hr\/#website","url":"https:\/\/notesofzagreb.com\/hr\/","name":"Notes of Zagreb","description":"Home Fragrances","publisher":{"@id":"https:\/\/notesofzagreb.com\/hr\/#organization"},"potentialAction":[{"@type":"SearchAction","target":{"@type":"EntryPoint","urlTemplate":"https:\/\/notesofzagreb.com\/hr\/?s={search_term_string}"},"query-input":{"@type":"PropertyValueSpecification","valueRequired":true,"valueName":"search_term_string"}}],"inLanguage":"hr"},{"@type":"Organization","@id":"https:\/\/notesofzagreb.com\/hr\/#organization","name":"Notes of Zagreb","url":"https:\/\/notesofzagreb.com\/hr\/","logo":{"@type":"ImageObject","inLanguage":"hr","@id":"https:\/\/notesofzagreb.com\/hr\/#\/schema\/logo\/image\/","url":"https:\/\/notesofzagreb.com\/wp-content\/uploads\/2014\/12\/NoZ_logo_mobile.png","contentUrl":"https:\/\/notesofzagreb.com\/wp-content\/uploads\/2014\/12\/NoZ_logo_mobile.png","width":229,"height":55,"caption":"Notes of Zagreb"},"image":{"@id":"https:\/\/notesofzagreb.com\/hr\/#\/schema\/logo\/image\/"},"sameAs":["http:\/\/facebook.com\/NotesofZagreb\/","https:\/\/www.instagram.com\/notesofzagreb\/?hl=en"]}]}},"_links":{"self":[{"href":"https:\/\/notesofzagreb.com\/hr\/wp-json\/wp\/v2\/product\/19034","targetHints":{"allow":["GET"]}}],"collection":[{"href":"https:\/\/notesofzagreb.com\/hr\/wp-json\/wp\/v2\/product"}],"about":[{"href":"https:\/\/notesofzagreb.com\/hr\/wp-json\/wp\/v2\/types\/product"}],"replies":[{"embeddable":true,"href":"https:\/\/notesofzagreb.com\/hr\/wp-json\/wp\/v2\/comments?post=19034"}],"wp:featuredmedia":[{"embeddable":true,"href":"https:\/\/notesofzagreb.com\/hr\/wp-json\/wp\/v2\/media\/18518"}],"wp:attachment":[{"href":"https:\/\/notesofzagreb.com\/hr\/wp-json\/wp\/v2\/media?parent=19034"}],"wp:term":[{"taxonomy":"product_cat","embeddable":true,"href":"https:\/\/notesofzagreb.com\/hr\/wp-json\/wp\/v2\/product_cat?post=19034"},{"taxonomy":"product_tag","embeddable":true,"href":"https:\/\/notesofzagreb.com\/hr\/wp-json\/wp\/v2\/product_tag?post=19034"}],"curies":[{"name":"wp","href":"https:\/\/api.w.org\/{rel}","templated":true}]}}