{"id":19020,"date":"2015-12-15T13:37:43","date_gmt":"2015-12-15T12:37:43","guid":{"rendered":"https:\/\/notesofzagreb.com\/product\/le-jardin-de-lenucci\/"},"modified":"2024-09-25T16:10:25","modified_gmt":"2024-09-25T14:10:25","slug":"le-jardin-de-lenucci","status":"publish","type":"product","link":"https:\/\/notesofzagreb.com\/hr\/proizvod\/le-jardin-de-lenucci\/","title":{"rendered":"Le Jardin de Lenucci"},"content":{"rendered":"","protected":false},"excerpt":{"rendered":"<p>Male svije\u0107e Na\u0161a 100% prirodna svije\u0107a po\u010dinje s najve\u0107im postotkom mirisnih ulja u kombinaciji sa sojinim voskom i drvenim pru\u0107em. Tehnike ru\u010dne izrade svije\u0107a i umje\u0161nost jam\u010de vrijeme gorenja u trajanju od 40 sati. Velike svije\u0107e Na\u0161a 100% prirodna svije\u0107a po\u010dinje s najve\u0107im postotkom mirisnih ulja u kombinaciji sa sojinim voskom i drvenim pru\u0107em. Tehnike ru\u010dne izrade svije\u0107a i umje\u0161nost jam\u010de vrijeme gorenja u trajanju od 110 sati. Gornja nota: Ru\u017ea Srednja nota: Citrus Osnovna nota: pa\u010duli<\/p>\n","protected":false},"featured_media":18526,"comment_status":"closed","ping_status":"closed","template":"","meta":{"_monsterinsights_skip_tracking":false,"_monsterinsights_sitenote_active":false,"_monsterinsights_sitenote_note":"","_monsterinsights_sitenote_category":0},"product_cat":[311],"product_tag":[],"class_list":{"0":"post-19020","1":"product","2":"type-product","3":"status-publish","4":"has-post-thumbnail","6":"product_cat-mirisne-svijece","8":"first","9":"instock","10":"shipping-taxable","11":"purchasable","12":"product-type-variable","13":"has-default-attributes"},"yoast_head":"<!-- This site is optimized with the Yoast SEO plugin v24.2 - https:\/\/yoast.com\/wordpress\/plugins\/seo\/ -->\n<title>Le Jardin de Lenucci - Notes of Zagreb<\/title>\n<meta name=\"robots\" content=\"index, follow, max-snippet:-1, max-image-preview:large, max-video-preview:-1\" \/>\n<link rel=\"canonical\" href=\"https:\/\/notesofzagreb.com\/hr\/proizvod\/le-jardin-de-lenucci\/\" \/>\n<meta property=\"og:locale\" content=\"hr_HR\" \/>\n<meta property=\"og:type\" content=\"article\" \/>\n<meta property=\"og:title\" content=\"Le Jardin de Lenucci - Notes of Zagreb\" \/>\n<meta property=\"og:description\" content=\"Male svije\u0107e Na\u0161a 100% prirodna svije\u0107a po\u010dinje s najve\u0107im postotkom mirisnih ulja u kombinaciji sa sojinim voskom i drvenim pru\u0107em. Tehnike ru\u010dne izrade svije\u0107a i umje\u0161nost jam\u010de vrijeme gorenja u trajanju od 40 sati. Velike svije\u0107e Na\u0161a 100% prirodna svije\u0107a po\u010dinje s najve\u0107im postotkom mirisnih ulja u kombinaciji sa sojinim voskom i drvenim pru\u0107em. Tehnike ru\u010dne izrade svije\u0107a i umje\u0161nost jam\u010de vrijeme gorenja u trajanju od 110 sati. Gornja nota: Ru\u017ea Srednja nota: Citrus Osnovna nota: pa\u010duli\" \/>\n<meta property=\"og:url\" content=\"https:\/\/notesofzagreb.com\/hr\/proizvod\/le-jardin-de-lenucci\/\" \/>\n<meta property=\"og:site_name\" content=\"Notes of Zagreb\" \/>\n<meta property=\"article:publisher\" content=\"http:\/\/facebook.com\/NotesofZagreb\/\" \/>\n<meta property=\"article:modified_time\" content=\"2024-09-25T14:10:25+00:00\" \/>\n<meta property=\"og:image\" content=\"https:\/\/notesofzagreb.com\/wp-content\/uploads\/2014\/12\/Le-Jardin-de-Lenucci-copy.jpg\" \/>\n\t<meta property=\"og:image:width\" content=\"1400\" \/>\n\t<meta property=\"og:image:height\" content=\"1104\" \/>\n\t<meta property=\"og:image:type\" content=\"image\/jpeg\" \/>\n<meta name=\"twitter:card\" content=\"summary_large_image\" \/>\n<meta name=\"twitter:label1\" content=\"Procijenjeno vrijeme \u010ditanja\" \/>\n\t<meta name=\"twitter:data1\" content=\"1 minuta\" \/>\n<script type=\"application\/ld+json\" class=\"yoast-schema-graph\">{\"@context\":\"https:\/\/schema.org\",\"@graph\":[{\"@type\":\"WebPage\",\"@id\":\"https:\/\/notesofzagreb.com\/hr\/proizvod\/le-jardin-de-lenucci\/\",\"url\":\"https:\/\/notesofzagreb.com\/hr\/proizvod\/le-jardin-de-lenucci\/\",\"name\":\"Le Jardin de Lenucci - Notes of Zagreb\",\"isPartOf\":{\"@id\":\"https:\/\/notesofzagreb.com\/hr\/#website\"},\"primaryImageOfPage\":{\"@id\":\"https:\/\/notesofzagreb.com\/hr\/proizvod\/le-jardin-de-lenucci\/#primaryimage\"},\"image\":{\"@id\":\"https:\/\/notesofzagreb.com\/hr\/proizvod\/le-jardin-de-lenucci\/#primaryimage\"},\"thumbnailUrl\":\"https:\/\/notesofzagreb.com\/wp-content\/uploads\/2014\/12\/Le-Jardin-de-Lenucci-copy.jpg\",\"datePublished\":\"2015-12-15T12:37:43+00:00\",\"dateModified\":\"2024-09-25T14:10:25+00:00\",\"breadcrumb\":{\"@id\":\"https:\/\/notesofzagreb.com\/hr\/proizvod\/le-jardin-de-lenucci\/#breadcrumb\"},\"inLanguage\":\"hr\",\"potentialAction\":[{\"@type\":\"ReadAction\",\"target\":[\"https:\/\/notesofzagreb.com\/hr\/proizvod\/le-jardin-de-lenucci\/\"]}]},{\"@type\":\"ImageObject\",\"inLanguage\":\"hr\",\"@id\":\"https:\/\/notesofzagreb.com\/hr\/proizvod\/le-jardin-de-lenucci\/#primaryimage\",\"url\":\"https:\/\/notesofzagreb.com\/wp-content\/uploads\/2014\/12\/Le-Jardin-de-Lenucci-copy.jpg\",\"contentUrl\":\"https:\/\/notesofzagreb.com\/wp-content\/uploads\/2014\/12\/Le-Jardin-de-Lenucci-copy.jpg\",\"width\":1400,\"height\":1104},{\"@type\":\"BreadcrumbList\",\"@id\":\"https:\/\/notesofzagreb.com\/hr\/proizvod\/le-jardin-de-lenucci\/#breadcrumb\",\"itemListElement\":[{\"@type\":\"ListItem\",\"position\":1,\"name\":\"Home\",\"item\":\"https:\/\/notesofzagreb.com\/hr\/\"},{\"@type\":\"ListItem\",\"position\":2,\"name\":\"Kupujte sve proizvode\",\"item\":\"https:\/\/notesofzagreb.com\/hr\/shop\/\"},{\"@type\":\"ListItem\",\"position\":3,\"name\":\"Le Jardin de Lenucci\"}]},{\"@type\":\"WebSite\",\"@id\":\"https:\/\/notesofzagreb.com\/hr\/#website\",\"url\":\"https:\/\/notesofzagreb.com\/hr\/\",\"name\":\"Notes of Zagreb\",\"description\":\"Home Fragrances\",\"publisher\":{\"@id\":\"https:\/\/notesofzagreb.com\/hr\/#organization\"},\"potentialAction\":[{\"@type\":\"SearchAction\",\"target\":{\"@type\":\"EntryPoint\",\"urlTemplate\":\"https:\/\/notesofzagreb.com\/hr\/?s={search_term_string}\"},\"query-input\":{\"@type\":\"PropertyValueSpecification\",\"valueRequired\":true,\"valueName\":\"search_term_string\"}}],\"inLanguage\":\"hr\"},{\"@type\":\"Organization\",\"@id\":\"https:\/\/notesofzagreb.com\/hr\/#organization\",\"name\":\"Notes of Zagreb\",\"url\":\"https:\/\/notesofzagreb.com\/hr\/\",\"logo\":{\"@type\":\"ImageObject\",\"inLanguage\":\"hr\",\"@id\":\"https:\/\/notesofzagreb.com\/hr\/#\/schema\/logo\/image\/\",\"url\":\"https:\/\/notesofzagreb.com\/wp-content\/uploads\/2014\/12\/NoZ_logo_mobile.png\",\"contentUrl\":\"https:\/\/notesofzagreb.com\/wp-content\/uploads\/2014\/12\/NoZ_logo_mobile.png\",\"width\":229,\"height\":55,\"caption\":\"Notes of Zagreb\"},\"image\":{\"@id\":\"https:\/\/notesofzagreb.com\/hr\/#\/schema\/logo\/image\/\"},\"sameAs\":[\"http:\/\/facebook.com\/NotesofZagreb\/\",\"https:\/\/www.instagram.com\/notesofzagreb\/?hl=en\"]}]}<\/script>\n<!-- \/ Yoast SEO plugin. -->","yoast_head_json":{"title":"Le Jardin de Lenucci - Notes of Zagreb","robots":{"index":"index","follow":"follow","max-snippet":"max-snippet:-1","max-image-preview":"max-image-preview:large","max-video-preview":"max-video-preview:-1"},"canonical":"https:\/\/notesofzagreb.com\/hr\/proizvod\/le-jardin-de-lenucci\/","og_locale":"hr_HR","og_type":"article","og_title":"Le Jardin de Lenucci - Notes of Zagreb","og_description":"Male svije\u0107e Na\u0161a 100% prirodna svije\u0107a po\u010dinje s najve\u0107im postotkom mirisnih ulja u kombinaciji sa sojinim voskom i drvenim pru\u0107em. Tehnike ru\u010dne izrade svije\u0107a i umje\u0161nost jam\u010de vrijeme gorenja u trajanju od 40 sati. Velike svije\u0107e Na\u0161a 100% prirodna svije\u0107a po\u010dinje s najve\u0107im postotkom mirisnih ulja u kombinaciji sa sojinim voskom i drvenim pru\u0107em. Tehnike ru\u010dne izrade svije\u0107a i umje\u0161nost jam\u010de vrijeme gorenja u trajanju od 110 sati. Gornja nota: Ru\u017ea Srednja nota: Citrus Osnovna nota: pa\u010duli","og_url":"https:\/\/notesofzagreb.com\/hr\/proizvod\/le-jardin-de-lenucci\/","og_site_name":"Notes of Zagreb","article_publisher":"http:\/\/facebook.com\/NotesofZagreb\/","article_modified_time":"2024-09-25T14:10:25+00:00","og_image":[{"width":1400,"height":1104,"url":"https:\/\/notesofzagreb.com\/wp-content\/uploads\/2014\/12\/Le-Jardin-de-Lenucci-copy.jpg","type":"image\/jpeg"}],"twitter_card":"summary_large_image","twitter_misc":{"Procijenjeno vrijeme \u010ditanja":"1 minuta"},"schema":{"@context":"https:\/\/schema.org","@graph":[{"@type":"WebPage","@id":"https:\/\/notesofzagreb.com\/hr\/proizvod\/le-jardin-de-lenucci\/","url":"https:\/\/notesofzagreb.com\/hr\/proizvod\/le-jardin-de-lenucci\/","name":"Le Jardin de Lenucci - Notes of Zagreb","isPartOf":{"@id":"https:\/\/notesofzagreb.com\/hr\/#website"},"primaryImageOfPage":{"@id":"https:\/\/notesofzagreb.com\/hr\/proizvod\/le-jardin-de-lenucci\/#primaryimage"},"image":{"@id":"https:\/\/notesofzagreb.com\/hr\/proizvod\/le-jardin-de-lenucci\/#primaryimage"},"thumbnailUrl":"https:\/\/notesofzagreb.com\/wp-content\/uploads\/2014\/12\/Le-Jardin-de-Lenucci-copy.jpg","datePublished":"2015-12-15T12:37:43+00:00","dateModified":"2024-09-25T14:10:25+00:00","breadcrumb":{"@id":"https:\/\/notesofzagreb.com\/hr\/proizvod\/le-jardin-de-lenucci\/#breadcrumb"},"inLanguage":"hr","potentialAction":[{"@type":"ReadAction","target":["https:\/\/notesofzagreb.com\/hr\/proizvod\/le-jardin-de-lenucci\/"]}]},{"@type":"ImageObject","inLanguage":"hr","@id":"https:\/\/notesofzagreb.com\/hr\/proizvod\/le-jardin-de-lenucci\/#primaryimage","url":"https:\/\/notesofzagreb.com\/wp-content\/uploads\/2014\/12\/Le-Jardin-de-Lenucci-copy.jpg","contentUrl":"https:\/\/notesofzagreb.com\/wp-content\/uploads\/2014\/12\/Le-Jardin-de-Lenucci-copy.jpg","width":1400,"height":1104},{"@type":"BreadcrumbList","@id":"https:\/\/notesofzagreb.com\/hr\/proizvod\/le-jardin-de-lenucci\/#breadcrumb","itemListElement":[{"@type":"ListItem","position":1,"name":"Home","item":"https:\/\/notesofzagreb.com\/hr\/"},{"@type":"ListItem","position":2,"name":"Kupujte sve proizvode","item":"https:\/\/notesofzagreb.com\/hr\/shop\/"},{"@type":"ListItem","position":3,"name":"Le Jardin de Lenucci"}]},{"@type":"WebSite","@id":"https:\/\/notesofzagreb.com\/hr\/#website","url":"https:\/\/notesofzagreb.com\/hr\/","name":"Notes of Zagreb","description":"Home Fragrances","publisher":{"@id":"https:\/\/notesofzagreb.com\/hr\/#organization"},"potentialAction":[{"@type":"SearchAction","target":{"@type":"EntryPoint","urlTemplate":"https:\/\/notesofzagreb.com\/hr\/?s={search_term_string}"},"query-input":{"@type":"PropertyValueSpecification","valueRequired":true,"valueName":"search_term_string"}}],"inLanguage":"hr"},{"@type":"Organization","@id":"https:\/\/notesofzagreb.com\/hr\/#organization","name":"Notes of Zagreb","url":"https:\/\/notesofzagreb.com\/hr\/","logo":{"@type":"ImageObject","inLanguage":"hr","@id":"https:\/\/notesofzagreb.com\/hr\/#\/schema\/logo\/image\/","url":"https:\/\/notesofzagreb.com\/wp-content\/uploads\/2014\/12\/NoZ_logo_mobile.png","contentUrl":"https:\/\/notesofzagreb.com\/wp-content\/uploads\/2014\/12\/NoZ_logo_mobile.png","width":229,"height":55,"caption":"Notes of Zagreb"},"image":{"@id":"https:\/\/notesofzagreb.com\/hr\/#\/schema\/logo\/image\/"},"sameAs":["http:\/\/facebook.com\/NotesofZagreb\/","https:\/\/www.instagram.com\/notesofzagreb\/?hl=en"]}]}},"_links":{"self":[{"href":"https:\/\/notesofzagreb.com\/hr\/wp-json\/wp\/v2\/product\/19020","targetHints":{"allow":["GET"]}}],"collection":[{"href":"https:\/\/notesofzagreb.com\/hr\/wp-json\/wp\/v2\/product"}],"about":[{"href":"https:\/\/notesofzagreb.com\/hr\/wp-json\/wp\/v2\/types\/product"}],"replies":[{"embeddable":true,"href":"https:\/\/notesofzagreb.com\/hr\/wp-json\/wp\/v2\/comments?post=19020"}],"wp:featuredmedia":[{"embeddable":true,"href":"https:\/\/notesofzagreb.com\/hr\/wp-json\/wp\/v2\/media\/18526"}],"wp:attachment":[{"href":"https:\/\/notesofzagreb.com\/hr\/wp-json\/wp\/v2\/media?parent=19020"}],"wp:term":[{"taxonomy":"product_cat","embeddable":true,"href":"https:\/\/notesofzagreb.com\/hr\/wp-json\/wp\/v2\/product_cat?post=19020"},{"taxonomy":"product_tag","embeddable":true,"href":"https:\/\/notesofzagreb.com\/hr\/wp-json\/wp\/v2\/product_tag?post=19020"}],"curies":[{"name":"wp","href":"https:\/\/api.w.org\/{rel}","templated":true}]}}