{"id":18976,"date":"2016-01-14T16:48:16","date_gmt":"2016-01-14T15:48:16","guid":{"rendered":"https:\/\/notesofzagreb.com\/product\/vjestica-iz-grica\/"},"modified":"2024-10-02T13:08:06","modified_gmt":"2024-10-02T11:08:06","slug":"vjestica-iz-grica","status":"publish","type":"product","link":"https:\/\/notesofzagreb.com\/hr\/proizvod\/vjestica-iz-grica\/","title":{"rendered":"The Witch of Grich"},"content":{"rendered":"","protected":false},"excerpt":{"rendered":"<p>Napunite svoju postoje\u0107u difuzorsku bo\u010dicu svojim omiljenim mirisom, zamjenjuju\u0107i stare bo\u010dice kako biste izvukli najvi\u0161e iz svog novog mirisa. Gornja nota: crni biber, bosiljak Srednja nota: oud, pa\u010duli Bazna nota: tamjan, amber <\/p>\n","protected":false},"featured_media":18629,"comment_status":"closed","ping_status":"closed","template":"","meta":{"_monsterinsights_skip_tracking":false,"_monsterinsights_sitenote_active":false,"_monsterinsights_sitenote_note":"","_monsterinsights_sitenote_category":0},"product_brand":[],"product_cat":[305],"product_tag":[],"class_list":{"0":"post-18976","1":"product","2":"type-product","3":"status-publish","4":"has-post-thumbnail","6":"product_cat-dopune","8":"first","9":"instock","10":"shipping-taxable","11":"purchasable","12":"product-type-variable","13":"has-default-attributes"},"yoast_head":"<!-- This site is optimized with the Yoast SEO plugin v27.5 - https:\/\/yoast.com\/product\/yoast-seo-wordpress\/ -->\n<title>The Witch of Grich - Notes of Zagreb<\/title>\n<meta name=\"robots\" content=\"index, follow, max-snippet:-1, max-image-preview:large, max-video-preview:-1\" \/>\n<link rel=\"canonical\" href=\"https:\/\/notesofzagreb.com\/hr\/proizvod\/vjestica-iz-grica\/\" \/>\n<meta property=\"og:locale\" content=\"hr_HR\" \/>\n<meta property=\"og:type\" content=\"article\" \/>\n<meta property=\"og:title\" content=\"The Witch of Grich - Notes of Zagreb\" \/>\n<meta property=\"og:description\" content=\"Napunite svoju postoje\u0107u difuzorsku bo\u010dicu svojim omiljenim mirisom, zamjenjuju\u0107i stare bo\u010dice kako biste izvukli najvi\u0161e iz svog novog mirisa. Gornja nota: crni biber, bosiljak Srednja nota: oud, pa\u010duli Bazna nota: tamjan, amber\" \/>\n<meta property=\"og:url\" content=\"https:\/\/notesofzagreb.com\/hr\/proizvod\/vjestica-iz-grica\/\" \/>\n<meta property=\"og:site_name\" content=\"Notes of Zagreb\" \/>\n<meta property=\"article:publisher\" content=\"http:\/\/facebook.com\/NotesofZagreb\/\" \/>\n<meta property=\"article:modified_time\" content=\"2024-10-02T11:08:06+00:00\" \/>\n<meta property=\"og:image\" content=\"https:\/\/notesofzagreb.com\/wp-content\/uploads\/2016\/01\/the-witch-of-grich-refil.jpg\" \/>\n\t<meta property=\"og:image:width\" content=\"1588\" \/>\n\t<meta property=\"og:image:height\" content=\"1298\" \/>\n\t<meta property=\"og:image:type\" content=\"image\/jpeg\" \/>\n<meta name=\"twitter:card\" content=\"summary_large_image\" \/>\n<meta name=\"twitter:label1\" content=\"Procijenjeno vrijeme \u010ditanja\" \/>\n\t<meta name=\"twitter:data1\" content=\"1 minuta\" \/>\n<script type=\"application\/ld+json\" class=\"yoast-schema-graph\">{\"@context\":\"https:\\\/\\\/schema.org\",\"@graph\":[{\"@type\":\"WebPage\",\"@id\":\"https:\\\/\\\/notesofzagreb.com\\\/hr\\\/proizvod\\\/vjestica-iz-grica\\\/\",\"url\":\"https:\\\/\\\/notesofzagreb.com\\\/hr\\\/proizvod\\\/vjestica-iz-grica\\\/\",\"name\":\"The Witch of Grich - Notes of Zagreb\",\"isPartOf\":{\"@id\":\"https:\\\/\\\/notesofzagreb.com\\\/hr\\\/#website\"},\"primaryImageOfPage\":{\"@id\":\"https:\\\/\\\/notesofzagreb.com\\\/hr\\\/proizvod\\\/vjestica-iz-grica\\\/#primaryimage\"},\"image\":{\"@id\":\"https:\\\/\\\/notesofzagreb.com\\\/hr\\\/proizvod\\\/vjestica-iz-grica\\\/#primaryimage\"},\"thumbnailUrl\":\"https:\\\/\\\/notesofzagreb.com\\\/wp-content\\\/uploads\\\/2016\\\/01\\\/the-witch-of-grich-refil.jpg\",\"datePublished\":\"2016-01-14T15:48:16+00:00\",\"dateModified\":\"2024-10-02T11:08:06+00:00\",\"breadcrumb\":{\"@id\":\"https:\\\/\\\/notesofzagreb.com\\\/hr\\\/proizvod\\\/vjestica-iz-grica\\\/#breadcrumb\"},\"inLanguage\":\"hr\",\"potentialAction\":[{\"@type\":\"ReadAction\",\"target\":[\"https:\\\/\\\/notesofzagreb.com\\\/hr\\\/proizvod\\\/vjestica-iz-grica\\\/\"]}]},{\"@type\":\"ImageObject\",\"inLanguage\":\"hr\",\"@id\":\"https:\\\/\\\/notesofzagreb.com\\\/hr\\\/proizvod\\\/vjestica-iz-grica\\\/#primaryimage\",\"url\":\"https:\\\/\\\/notesofzagreb.com\\\/wp-content\\\/uploads\\\/2016\\\/01\\\/the-witch-of-grich-refil.jpg\",\"contentUrl\":\"https:\\\/\\\/notesofzagreb.com\\\/wp-content\\\/uploads\\\/2016\\\/01\\\/the-witch-of-grich-refil.jpg\",\"width\":1588,\"height\":1298},{\"@type\":\"BreadcrumbList\",\"@id\":\"https:\\\/\\\/notesofzagreb.com\\\/hr\\\/proizvod\\\/vjestica-iz-grica\\\/#breadcrumb\",\"itemListElement\":[{\"@type\":\"ListItem\",\"position\":1,\"name\":\"Home\",\"item\":\"https:\\\/\\\/notesofzagreb.com\\\/hr\\\/\"},{\"@type\":\"ListItem\",\"position\":2,\"name\":\"Kupujte sve proizvode\",\"item\":\"https:\\\/\\\/notesofzagreb.com\\\/hr\\\/shop\\\/\"},{\"@type\":\"ListItem\",\"position\":3,\"name\":\"The Witch of Grich\"}]},{\"@type\":\"WebSite\",\"@id\":\"https:\\\/\\\/notesofzagreb.com\\\/hr\\\/#website\",\"url\":\"https:\\\/\\\/notesofzagreb.com\\\/hr\\\/\",\"name\":\"Notes of Zagreb\",\"description\":\"Home Fragrances\",\"publisher\":{\"@id\":\"https:\\\/\\\/notesofzagreb.com\\\/hr\\\/#organization\"},\"potentialAction\":[{\"@type\":\"SearchAction\",\"target\":{\"@type\":\"EntryPoint\",\"urlTemplate\":\"https:\\\/\\\/notesofzagreb.com\\\/hr\\\/?s={search_term_string}\"},\"query-input\":{\"@type\":\"PropertyValueSpecification\",\"valueRequired\":true,\"valueName\":\"search_term_string\"}}],\"inLanguage\":\"hr\"},{\"@type\":\"Organization\",\"@id\":\"https:\\\/\\\/notesofzagreb.com\\\/hr\\\/#organization\",\"name\":\"Notes of Zagreb\",\"url\":\"https:\\\/\\\/notesofzagreb.com\\\/hr\\\/\",\"logo\":{\"@type\":\"ImageObject\",\"inLanguage\":\"hr\",\"@id\":\"https:\\\/\\\/notesofzagreb.com\\\/hr\\\/#\\\/schema\\\/logo\\\/image\\\/\",\"url\":\"https:\\\/\\\/notesofzagreb.com\\\/wp-content\\\/uploads\\\/2014\\\/12\\\/NoZ_logo_mobile.png\",\"contentUrl\":\"https:\\\/\\\/notesofzagreb.com\\\/wp-content\\\/uploads\\\/2014\\\/12\\\/NoZ_logo_mobile.png\",\"width\":229,\"height\":55,\"caption\":\"Notes of Zagreb\"},\"image\":{\"@id\":\"https:\\\/\\\/notesofzagreb.com\\\/hr\\\/#\\\/schema\\\/logo\\\/image\\\/\"},\"sameAs\":[\"http:\\\/\\\/facebook.com\\\/NotesofZagreb\\\/\",\"https:\\\/\\\/www.instagram.com\\\/notesofzagreb\\\/?hl=en\"]}]}<\/script>\n<!-- \/ Yoast SEO plugin. -->","yoast_head_json":{"title":"The Witch of Grich - Notes of Zagreb","robots":{"index":"index","follow":"follow","max-snippet":"max-snippet:-1","max-image-preview":"max-image-preview:large","max-video-preview":"max-video-preview:-1"},"canonical":"https:\/\/notesofzagreb.com\/hr\/proizvod\/vjestica-iz-grica\/","og_locale":"hr_HR","og_type":"article","og_title":"The Witch of Grich - Notes of Zagreb","og_description":"Napunite svoju postoje\u0107u difuzorsku bo\u010dicu svojim omiljenim mirisom, zamjenjuju\u0107i stare bo\u010dice kako biste izvukli najvi\u0161e iz svog novog mirisa. Gornja nota: crni biber, bosiljak Srednja nota: oud, pa\u010duli Bazna nota: tamjan, amber","og_url":"https:\/\/notesofzagreb.com\/hr\/proizvod\/vjestica-iz-grica\/","og_site_name":"Notes of Zagreb","article_publisher":"http:\/\/facebook.com\/NotesofZagreb\/","article_modified_time":"2024-10-02T11:08:06+00:00","og_image":[{"width":1588,"height":1298,"url":"https:\/\/notesofzagreb.com\/wp-content\/uploads\/2016\/01\/the-witch-of-grich-refil.jpg","type":"image\/jpeg"}],"twitter_card":"summary_large_image","twitter_misc":{"Procijenjeno vrijeme \u010ditanja":"1 minuta"},"schema":{"@context":"https:\/\/schema.org","@graph":[{"@type":"WebPage","@id":"https:\/\/notesofzagreb.com\/hr\/proizvod\/vjestica-iz-grica\/","url":"https:\/\/notesofzagreb.com\/hr\/proizvod\/vjestica-iz-grica\/","name":"The Witch of Grich - Notes of Zagreb","isPartOf":{"@id":"https:\/\/notesofzagreb.com\/hr\/#website"},"primaryImageOfPage":{"@id":"https:\/\/notesofzagreb.com\/hr\/proizvod\/vjestica-iz-grica\/#primaryimage"},"image":{"@id":"https:\/\/notesofzagreb.com\/hr\/proizvod\/vjestica-iz-grica\/#primaryimage"},"thumbnailUrl":"https:\/\/notesofzagreb.com\/wp-content\/uploads\/2016\/01\/the-witch-of-grich-refil.jpg","datePublished":"2016-01-14T15:48:16+00:00","dateModified":"2024-10-02T11:08:06+00:00","breadcrumb":{"@id":"https:\/\/notesofzagreb.com\/hr\/proizvod\/vjestica-iz-grica\/#breadcrumb"},"inLanguage":"hr","potentialAction":[{"@type":"ReadAction","target":["https:\/\/notesofzagreb.com\/hr\/proizvod\/vjestica-iz-grica\/"]}]},{"@type":"ImageObject","inLanguage":"hr","@id":"https:\/\/notesofzagreb.com\/hr\/proizvod\/vjestica-iz-grica\/#primaryimage","url":"https:\/\/notesofzagreb.com\/wp-content\/uploads\/2016\/01\/the-witch-of-grich-refil.jpg","contentUrl":"https:\/\/notesofzagreb.com\/wp-content\/uploads\/2016\/01\/the-witch-of-grich-refil.jpg","width":1588,"height":1298},{"@type":"BreadcrumbList","@id":"https:\/\/notesofzagreb.com\/hr\/proizvod\/vjestica-iz-grica\/#breadcrumb","itemListElement":[{"@type":"ListItem","position":1,"name":"Home","item":"https:\/\/notesofzagreb.com\/hr\/"},{"@type":"ListItem","position":2,"name":"Kupujte sve proizvode","item":"https:\/\/notesofzagreb.com\/hr\/shop\/"},{"@type":"ListItem","position":3,"name":"The Witch of Grich"}]},{"@type":"WebSite","@id":"https:\/\/notesofzagreb.com\/hr\/#website","url":"https:\/\/notesofzagreb.com\/hr\/","name":"Notes of Zagreb","description":"Home Fragrances","publisher":{"@id":"https:\/\/notesofzagreb.com\/hr\/#organization"},"potentialAction":[{"@type":"SearchAction","target":{"@type":"EntryPoint","urlTemplate":"https:\/\/notesofzagreb.com\/hr\/?s={search_term_string}"},"query-input":{"@type":"PropertyValueSpecification","valueRequired":true,"valueName":"search_term_string"}}],"inLanguage":"hr"},{"@type":"Organization","@id":"https:\/\/notesofzagreb.com\/hr\/#organization","name":"Notes of Zagreb","url":"https:\/\/notesofzagreb.com\/hr\/","logo":{"@type":"ImageObject","inLanguage":"hr","@id":"https:\/\/notesofzagreb.com\/hr\/#\/schema\/logo\/image\/","url":"https:\/\/notesofzagreb.com\/wp-content\/uploads\/2014\/12\/NoZ_logo_mobile.png","contentUrl":"https:\/\/notesofzagreb.com\/wp-content\/uploads\/2014\/12\/NoZ_logo_mobile.png","width":229,"height":55,"caption":"Notes of Zagreb"},"image":{"@id":"https:\/\/notesofzagreb.com\/hr\/#\/schema\/logo\/image\/"},"sameAs":["http:\/\/facebook.com\/NotesofZagreb\/","https:\/\/www.instagram.com\/notesofzagreb\/?hl=en"]}]}},"_links":{"self":[{"href":"https:\/\/notesofzagreb.com\/hr\/wp-json\/wp\/v2\/product\/18976","targetHints":{"allow":["GET"]}}],"collection":[{"href":"https:\/\/notesofzagreb.com\/hr\/wp-json\/wp\/v2\/product"}],"about":[{"href":"https:\/\/notesofzagreb.com\/hr\/wp-json\/wp\/v2\/types\/product"}],"replies":[{"embeddable":true,"href":"https:\/\/notesofzagreb.com\/hr\/wp-json\/wp\/v2\/comments?post=18976"}],"wp:featuredmedia":[{"embeddable":true,"href":"https:\/\/notesofzagreb.com\/hr\/wp-json\/wp\/v2\/media\/18629"}],"wp:attachment":[{"href":"https:\/\/notesofzagreb.com\/hr\/wp-json\/wp\/v2\/media?parent=18976"}],"wp:term":[{"taxonomy":"product_brand","embeddable":true,"href":"https:\/\/notesofzagreb.com\/hr\/wp-json\/wp\/v2\/product_brand?post=18976"},{"taxonomy":"product_cat","embeddable":true,"href":"https:\/\/notesofzagreb.com\/hr\/wp-json\/wp\/v2\/product_cat?post=18976"},{"taxonomy":"product_tag","embeddable":true,"href":"https:\/\/notesofzagreb.com\/hr\/wp-json\/wp\/v2\/product_tag?post=18976"}],"curies":[{"name":"wp","href":"https:\/\/api.w.org\/{rel}","templated":true}]}}