{"id":18971,"date":"2016-01-20T13:15:09","date_gmt":"2016-01-20T12:15:09","guid":{"rendered":"https:\/\/notesofzagreb.com\/product\/kaptol-1094\/"},"modified":"2024-09-25T16:05:35","modified_gmt":"2024-09-25T14:05:35","slug":"kaptol-1094","status":"publish","type":"product","link":"https:\/\/notesofzagreb.com\/hr\/proizvod\/kaptol-1094\/","title":{"rendered":"Kaptol 1094"},"content":{"rendered":"","protected":false},"excerpt":{"rendered":"<p>Male svije\u0107e Na\u0161a 100% prirodna svije\u0107a po\u010dinje s najve\u0107im postotkom mirisnih ulja u kombinaciji sa sojinim voskom i drvenim pru\u0107em. Tehnike ru\u010dne izrade svije\u0107a i umje\u0161nost jam\u010de vrijeme gorenja u trajanju od 40 sati. Velike svije\u0107e Na\u0161a 100% prirodna svije\u0107a po\u010dinje s najve\u0107im postotkom mirisnih ulja u kombinaciji sa sojinim voskom i drvenim pru\u0107em. Tehnike ru\u010dne izrade svije\u0107a i umje\u0161nost jam\u010de vrijeme gorenja koje traje 110 sati. Gornja nota: bor Srednja nota: tamjan Bazna nota: cedrovina<\/p>\n","protected":false},"featured_media":18533,"comment_status":"closed","ping_status":"closed","template":"","meta":{"_monsterinsights_skip_tracking":false,"_monsterinsights_sitenote_active":false,"_monsterinsights_sitenote_note":"","_monsterinsights_sitenote_category":0},"product_cat":[311],"product_tag":[],"class_list":{"0":"post-18971","1":"product","2":"type-product","3":"status-publish","4":"has-post-thumbnail","6":"product_cat-mirisne-svijece","8":"first","9":"instock","10":"shipping-taxable","11":"purchasable","12":"product-type-variable","13":"has-default-attributes"},"yoast_head":"<!-- This site is optimized with the Yoast SEO plugin v24.2 - https:\/\/yoast.com\/wordpress\/plugins\/seo\/ -->\n<title>Mirisna svije\u0107a - Svije\u0107a od sojinog voska - Kaptol 1094 - Notes of Zagreb<\/title>\n<meta name=\"robots\" content=\"index, follow, max-snippet:-1, max-image-preview:large, max-video-preview:-1\" \/>\n<link rel=\"canonical\" href=\"https:\/\/notesofzagreb.com\/hr\/proizvod\/kaptol-1094\/\" \/>\n<meta property=\"og:locale\" content=\"hr_HR\" \/>\n<meta property=\"og:type\" content=\"article\" \/>\n<meta property=\"og:title\" content=\"Mirisna svije\u0107a - Svije\u0107a od sojinog voska - Kaptol 1094 - Notes of Zagreb\" \/>\n<meta property=\"og:description\" content=\"Male svije\u0107e Na\u0161a 100% prirodna svije\u0107a po\u010dinje s najve\u0107im postotkom mirisnih ulja u kombinaciji sa sojinim voskom i drvenim pru\u0107em. Tehnike ru\u010dne izrade svije\u0107a i umje\u0161nost jam\u010de vrijeme gorenja u trajanju od 40 sati. Velike svije\u0107e Na\u0161a 100% prirodna svije\u0107a po\u010dinje s najve\u0107im postotkom mirisnih ulja u kombinaciji sa sojinim voskom i drvenim pru\u0107em. Tehnike ru\u010dne izrade svije\u0107a i umje\u0161nost jam\u010de vrijeme gorenja koje traje 110 sati. Gornja nota: bor Srednja nota: tamjan Bazna nota: cedrovina\" \/>\n<meta property=\"og:url\" content=\"https:\/\/notesofzagreb.com\/hr\/proizvod\/kaptol-1094\/\" \/>\n<meta property=\"og:site_name\" content=\"Notes of Zagreb\" \/>\n<meta property=\"article:publisher\" content=\"http:\/\/facebook.com\/NotesofZagreb\/\" \/>\n<meta property=\"article:modified_time\" content=\"2024-09-25T14:05:35+00:00\" \/>\n<meta property=\"og:image\" content=\"https:\/\/notesofzagreb.com\/wp-content\/uploads\/2014\/12\/Kaptol-1094-copy.jpg\" \/>\n\t<meta property=\"og:image:width\" content=\"1400\" \/>\n\t<meta property=\"og:image:height\" content=\"1160\" \/>\n\t<meta property=\"og:image:type\" content=\"image\/jpeg\" \/>\n<meta name=\"twitter:card\" content=\"summary_large_image\" \/>\n<meta name=\"twitter:label1\" content=\"Procijenjeno vrijeme \u010ditanja\" \/>\n\t<meta name=\"twitter:data1\" content=\"1 minuta\" \/>\n<script type=\"application\/ld+json\" class=\"yoast-schema-graph\">{\"@context\":\"https:\/\/schema.org\",\"@graph\":[{\"@type\":\"WebPage\",\"@id\":\"https:\/\/notesofzagreb.com\/hr\/proizvod\/kaptol-1094\/\",\"url\":\"https:\/\/notesofzagreb.com\/hr\/proizvod\/kaptol-1094\/\",\"name\":\"Mirisna svije\u0107a - Svije\u0107a od sojinog voska - Kaptol 1094 - Notes of Zagreb\",\"isPartOf\":{\"@id\":\"https:\/\/notesofzagreb.com\/hr\/#website\"},\"primaryImageOfPage\":{\"@id\":\"https:\/\/notesofzagreb.com\/hr\/proizvod\/kaptol-1094\/#primaryimage\"},\"image\":{\"@id\":\"https:\/\/notesofzagreb.com\/hr\/proizvod\/kaptol-1094\/#primaryimage\"},\"thumbnailUrl\":\"https:\/\/notesofzagreb.com\/wp-content\/uploads\/2014\/12\/Kaptol-1094-copy.jpg\",\"datePublished\":\"2016-01-20T12:15:09+00:00\",\"dateModified\":\"2024-09-25T14:05:35+00:00\",\"breadcrumb\":{\"@id\":\"https:\/\/notesofzagreb.com\/hr\/proizvod\/kaptol-1094\/#breadcrumb\"},\"inLanguage\":\"hr\",\"potentialAction\":[{\"@type\":\"ReadAction\",\"target\":[\"https:\/\/notesofzagreb.com\/hr\/proizvod\/kaptol-1094\/\"]}]},{\"@type\":\"ImageObject\",\"inLanguage\":\"hr\",\"@id\":\"https:\/\/notesofzagreb.com\/hr\/proizvod\/kaptol-1094\/#primaryimage\",\"url\":\"https:\/\/notesofzagreb.com\/wp-content\/uploads\/2014\/12\/Kaptol-1094-copy.jpg\",\"contentUrl\":\"https:\/\/notesofzagreb.com\/wp-content\/uploads\/2014\/12\/Kaptol-1094-copy.jpg\",\"width\":1400,\"height\":1160,\"caption\":\"Mirisna svije\u0107a-mirisna svije\u0107a-Note Zagreba-miris za dom-mirisna svije\u0107e\"},{\"@type\":\"BreadcrumbList\",\"@id\":\"https:\/\/notesofzagreb.com\/hr\/proizvod\/kaptol-1094\/#breadcrumb\",\"itemListElement\":[{\"@type\":\"ListItem\",\"position\":1,\"name\":\"Home\",\"item\":\"https:\/\/notesofzagreb.com\/hr\/\"},{\"@type\":\"ListItem\",\"position\":2,\"name\":\"Kupujte sve proizvode\",\"item\":\"https:\/\/notesofzagreb.com\/hr\/shop\/\"},{\"@type\":\"ListItem\",\"position\":3,\"name\":\"Kaptol 1094\"}]},{\"@type\":\"WebSite\",\"@id\":\"https:\/\/notesofzagreb.com\/hr\/#website\",\"url\":\"https:\/\/notesofzagreb.com\/hr\/\",\"name\":\"Notes of Zagreb\",\"description\":\"Home Fragrances\",\"publisher\":{\"@id\":\"https:\/\/notesofzagreb.com\/hr\/#organization\"},\"potentialAction\":[{\"@type\":\"SearchAction\",\"target\":{\"@type\":\"EntryPoint\",\"urlTemplate\":\"https:\/\/notesofzagreb.com\/hr\/?s={search_term_string}\"},\"query-input\":{\"@type\":\"PropertyValueSpecification\",\"valueRequired\":true,\"valueName\":\"search_term_string\"}}],\"inLanguage\":\"hr\"},{\"@type\":\"Organization\",\"@id\":\"https:\/\/notesofzagreb.com\/hr\/#organization\",\"name\":\"Notes of Zagreb\",\"url\":\"https:\/\/notesofzagreb.com\/hr\/\",\"logo\":{\"@type\":\"ImageObject\",\"inLanguage\":\"hr\",\"@id\":\"https:\/\/notesofzagreb.com\/hr\/#\/schema\/logo\/image\/\",\"url\":\"https:\/\/notesofzagreb.com\/wp-content\/uploads\/2014\/12\/NoZ_logo_mobile.png\",\"contentUrl\":\"https:\/\/notesofzagreb.com\/wp-content\/uploads\/2014\/12\/NoZ_logo_mobile.png\",\"width\":229,\"height\":55,\"caption\":\"Notes of Zagreb\"},\"image\":{\"@id\":\"https:\/\/notesofzagreb.com\/hr\/#\/schema\/logo\/image\/\"},\"sameAs\":[\"http:\/\/facebook.com\/NotesofZagreb\/\",\"https:\/\/www.instagram.com\/notesofzagreb\/?hl=en\"]}]}<\/script>\n<!-- \/ Yoast SEO plugin. -->","yoast_head_json":{"title":"Mirisna svije\u0107a - Svije\u0107a od sojinog voska - Kaptol 1094 - Notes of Zagreb","robots":{"index":"index","follow":"follow","max-snippet":"max-snippet:-1","max-image-preview":"max-image-preview:large","max-video-preview":"max-video-preview:-1"},"canonical":"https:\/\/notesofzagreb.com\/hr\/proizvod\/kaptol-1094\/","og_locale":"hr_HR","og_type":"article","og_title":"Mirisna svije\u0107a - Svije\u0107a od sojinog voska - Kaptol 1094 - Notes of Zagreb","og_description":"Male svije\u0107e Na\u0161a 100% prirodna svije\u0107a po\u010dinje s najve\u0107im postotkom mirisnih ulja u kombinaciji sa sojinim voskom i drvenim pru\u0107em. Tehnike ru\u010dne izrade svije\u0107a i umje\u0161nost jam\u010de vrijeme gorenja u trajanju od 40 sati. Velike svije\u0107e Na\u0161a 100% prirodna svije\u0107a po\u010dinje s najve\u0107im postotkom mirisnih ulja u kombinaciji sa sojinim voskom i drvenim pru\u0107em. Tehnike ru\u010dne izrade svije\u0107a i umje\u0161nost jam\u010de vrijeme gorenja koje traje 110 sati. Gornja nota: bor Srednja nota: tamjan Bazna nota: cedrovina","og_url":"https:\/\/notesofzagreb.com\/hr\/proizvod\/kaptol-1094\/","og_site_name":"Notes of Zagreb","article_publisher":"http:\/\/facebook.com\/NotesofZagreb\/","article_modified_time":"2024-09-25T14:05:35+00:00","og_image":[{"width":1400,"height":1160,"url":"https:\/\/notesofzagreb.com\/wp-content\/uploads\/2014\/12\/Kaptol-1094-copy.jpg","type":"image\/jpeg"}],"twitter_card":"summary_large_image","twitter_misc":{"Procijenjeno vrijeme \u010ditanja":"1 minuta"},"schema":{"@context":"https:\/\/schema.org","@graph":[{"@type":"WebPage","@id":"https:\/\/notesofzagreb.com\/hr\/proizvod\/kaptol-1094\/","url":"https:\/\/notesofzagreb.com\/hr\/proizvod\/kaptol-1094\/","name":"Mirisna svije\u0107a - Svije\u0107a od sojinog voska - Kaptol 1094 - Notes of Zagreb","isPartOf":{"@id":"https:\/\/notesofzagreb.com\/hr\/#website"},"primaryImageOfPage":{"@id":"https:\/\/notesofzagreb.com\/hr\/proizvod\/kaptol-1094\/#primaryimage"},"image":{"@id":"https:\/\/notesofzagreb.com\/hr\/proizvod\/kaptol-1094\/#primaryimage"},"thumbnailUrl":"https:\/\/notesofzagreb.com\/wp-content\/uploads\/2014\/12\/Kaptol-1094-copy.jpg","datePublished":"2016-01-20T12:15:09+00:00","dateModified":"2024-09-25T14:05:35+00:00","breadcrumb":{"@id":"https:\/\/notesofzagreb.com\/hr\/proizvod\/kaptol-1094\/#breadcrumb"},"inLanguage":"hr","potentialAction":[{"@type":"ReadAction","target":["https:\/\/notesofzagreb.com\/hr\/proizvod\/kaptol-1094\/"]}]},{"@type":"ImageObject","inLanguage":"hr","@id":"https:\/\/notesofzagreb.com\/hr\/proizvod\/kaptol-1094\/#primaryimage","url":"https:\/\/notesofzagreb.com\/wp-content\/uploads\/2014\/12\/Kaptol-1094-copy.jpg","contentUrl":"https:\/\/notesofzagreb.com\/wp-content\/uploads\/2014\/12\/Kaptol-1094-copy.jpg","width":1400,"height":1160,"caption":"Mirisna svije\u0107a-mirisna svije\u0107a-Note Zagreba-miris za dom-mirisna svije\u0107e"},{"@type":"BreadcrumbList","@id":"https:\/\/notesofzagreb.com\/hr\/proizvod\/kaptol-1094\/#breadcrumb","itemListElement":[{"@type":"ListItem","position":1,"name":"Home","item":"https:\/\/notesofzagreb.com\/hr\/"},{"@type":"ListItem","position":2,"name":"Kupujte sve proizvode","item":"https:\/\/notesofzagreb.com\/hr\/shop\/"},{"@type":"ListItem","position":3,"name":"Kaptol 1094"}]},{"@type":"WebSite","@id":"https:\/\/notesofzagreb.com\/hr\/#website","url":"https:\/\/notesofzagreb.com\/hr\/","name":"Notes of Zagreb","description":"Home Fragrances","publisher":{"@id":"https:\/\/notesofzagreb.com\/hr\/#organization"},"potentialAction":[{"@type":"SearchAction","target":{"@type":"EntryPoint","urlTemplate":"https:\/\/notesofzagreb.com\/hr\/?s={search_term_string}"},"query-input":{"@type":"PropertyValueSpecification","valueRequired":true,"valueName":"search_term_string"}}],"inLanguage":"hr"},{"@type":"Organization","@id":"https:\/\/notesofzagreb.com\/hr\/#organization","name":"Notes of Zagreb","url":"https:\/\/notesofzagreb.com\/hr\/","logo":{"@type":"ImageObject","inLanguage":"hr","@id":"https:\/\/notesofzagreb.com\/hr\/#\/schema\/logo\/image\/","url":"https:\/\/notesofzagreb.com\/wp-content\/uploads\/2014\/12\/NoZ_logo_mobile.png","contentUrl":"https:\/\/notesofzagreb.com\/wp-content\/uploads\/2014\/12\/NoZ_logo_mobile.png","width":229,"height":55,"caption":"Notes of Zagreb"},"image":{"@id":"https:\/\/notesofzagreb.com\/hr\/#\/schema\/logo\/image\/"},"sameAs":["http:\/\/facebook.com\/NotesofZagreb\/","https:\/\/www.instagram.com\/notesofzagreb\/?hl=en"]}]}},"_links":{"self":[{"href":"https:\/\/notesofzagreb.com\/hr\/wp-json\/wp\/v2\/product\/18971","targetHints":{"allow":["GET"]}}],"collection":[{"href":"https:\/\/notesofzagreb.com\/hr\/wp-json\/wp\/v2\/product"}],"about":[{"href":"https:\/\/notesofzagreb.com\/hr\/wp-json\/wp\/v2\/types\/product"}],"replies":[{"embeddable":true,"href":"https:\/\/notesofzagreb.com\/hr\/wp-json\/wp\/v2\/comments?post=18971"}],"wp:featuredmedia":[{"embeddable":true,"href":"https:\/\/notesofzagreb.com\/hr\/wp-json\/wp\/v2\/media\/18533"}],"wp:attachment":[{"href":"https:\/\/notesofzagreb.com\/hr\/wp-json\/wp\/v2\/media?parent=18971"}],"wp:term":[{"taxonomy":"product_cat","embeddable":true,"href":"https:\/\/notesofzagreb.com\/hr\/wp-json\/wp\/v2\/product_cat?post=18971"},{"taxonomy":"product_tag","embeddable":true,"href":"https:\/\/notesofzagreb.com\/hr\/wp-json\/wp\/v2\/product_tag?post=18971"}],"curies":[{"name":"wp","href":"https:\/\/api.w.org\/{rel}","templated":true}]}}