{"id":18969,"date":"2019-11-07T10:25:42","date_gmt":"2019-11-07T09:25:42","guid":{"rendered":"https:\/\/notesofzagreb.com\/product\/sveti-juraj-ubija-zmaja-2\/"},"modified":"2024-10-02T13:16:31","modified_gmt":"2024-10-02T11:16:31","slug":"sveti-juraj-ubija-zmaja-2","status":"publish","type":"product","link":"https:\/\/notesofzagreb.com\/hr\/proizvod\/sveti-juraj-ubija-zmaja-2\/","title":{"rendered":"St.George Slays the Dragon"},"content":{"rendered":"","protected":false},"excerpt":{"rendered":"<p>Upotrijebite sprej za sobu kako biste odmah namirisali sobu jednim od na\u0161ih prepoznatljivih mirisa. Gornja nota: crveno vo\u0107e, jagode Srednja nota: mo\u0161t od gro\u017e\u0111a, gro\u017e\u0111e bazna nota: sandalovina  <\/p>\n","protected":false},"featured_media":18585,"comment_status":"closed","ping_status":"closed","template":"","meta":{"_monsterinsights_skip_tracking":false,"_monsterinsights_sitenote_active":false,"_monsterinsights_sitenote_note":"","_monsterinsights_sitenote_category":0},"product_brand":[],"product_cat":[303],"product_tag":[],"class_list":{"0":"post-18969","1":"product","2":"type-product","3":"status-publish","4":"has-post-thumbnail","6":"product_cat-sprej-za-sobu","8":"first","9":"instock","10":"shipping-taxable","11":"purchasable","12":"product-type-variable","13":"has-default-attributes"},"yoast_head":"<!-- This site is optimized with the Yoast SEO plugin v27.5 - https:\/\/yoast.com\/product\/yoast-seo-wordpress\/ -->\n<title>St.George Slays the Dragon - Notes of Zagreb<\/title>\n<meta name=\"robots\" content=\"index, follow, max-snippet:-1, max-image-preview:large, max-video-preview:-1\" \/>\n<link rel=\"canonical\" href=\"https:\/\/notesofzagreb.com\/hr\/proizvod\/sveti-juraj-ubija-zmaja-2\/\" \/>\n<meta property=\"og:locale\" content=\"hr_HR\" \/>\n<meta property=\"og:type\" content=\"article\" \/>\n<meta property=\"og:title\" content=\"St.George Slays the Dragon - Notes of Zagreb\" \/>\n<meta property=\"og:description\" content=\"Upotrijebite sprej za sobu kako biste odmah namirisali sobu jednim od na\u0161ih prepoznatljivih mirisa. Gornja nota: crveno vo\u0107e, jagode Srednja nota: mo\u0161t od gro\u017e\u0111a, gro\u017e\u0111e bazna nota: sandalovina\" \/>\n<meta property=\"og:url\" content=\"https:\/\/notesofzagreb.com\/hr\/proizvod\/sveti-juraj-ubija-zmaja-2\/\" \/>\n<meta property=\"og:site_name\" content=\"Notes of Zagreb\" \/>\n<meta property=\"article:publisher\" content=\"http:\/\/facebook.com\/NotesofZagreb\/\" \/>\n<meta property=\"article:modified_time\" content=\"2024-10-02T11:16:31+00:00\" \/>\n<meta property=\"og:image\" content=\"https:\/\/notesofzagreb.com\/wp-content\/uploads\/2014\/12\/Notes-of-Zagreb-St.George-Slays-the-Dragon.jpg\" \/>\n\t<meta property=\"og:image:width\" content=\"1253\" \/>\n\t<meta property=\"og:image:height\" content=\"1024\" \/>\n\t<meta property=\"og:image:type\" content=\"image\/jpeg\" \/>\n<meta name=\"twitter:card\" content=\"summary_large_image\" \/>\n<meta name=\"twitter:label1\" content=\"Procijenjeno vrijeme \u010ditanja\" \/>\n\t<meta name=\"twitter:data1\" content=\"1 minuta\" \/>\n<script type=\"application\/ld+json\" class=\"yoast-schema-graph\">{\"@context\":\"https:\\\/\\\/schema.org\",\"@graph\":[{\"@type\":\"WebPage\",\"@id\":\"https:\\\/\\\/notesofzagreb.com\\\/hr\\\/proizvod\\\/sveti-juraj-ubija-zmaja-2\\\/\",\"url\":\"https:\\\/\\\/notesofzagreb.com\\\/hr\\\/proizvod\\\/sveti-juraj-ubija-zmaja-2\\\/\",\"name\":\"St.George Slays the Dragon - Notes of Zagreb\",\"isPartOf\":{\"@id\":\"https:\\\/\\\/notesofzagreb.com\\\/hr\\\/#website\"},\"primaryImageOfPage\":{\"@id\":\"https:\\\/\\\/notesofzagreb.com\\\/hr\\\/proizvod\\\/sveti-juraj-ubija-zmaja-2\\\/#primaryimage\"},\"image\":{\"@id\":\"https:\\\/\\\/notesofzagreb.com\\\/hr\\\/proizvod\\\/sveti-juraj-ubija-zmaja-2\\\/#primaryimage\"},\"thumbnailUrl\":\"https:\\\/\\\/notesofzagreb.com\\\/wp-content\\\/uploads\\\/2014\\\/12\\\/Notes-of-Zagreb-St.George-Slays-the-Dragon.jpg\",\"datePublished\":\"2019-11-07T09:25:42+00:00\",\"dateModified\":\"2024-10-02T11:16:31+00:00\",\"breadcrumb\":{\"@id\":\"https:\\\/\\\/notesofzagreb.com\\\/hr\\\/proizvod\\\/sveti-juraj-ubija-zmaja-2\\\/#breadcrumb\"},\"inLanguage\":\"hr\",\"potentialAction\":[{\"@type\":\"ReadAction\",\"target\":[\"https:\\\/\\\/notesofzagreb.com\\\/hr\\\/proizvod\\\/sveti-juraj-ubija-zmaja-2\\\/\"]}]},{\"@type\":\"ImageObject\",\"inLanguage\":\"hr\",\"@id\":\"https:\\\/\\\/notesofzagreb.com\\\/hr\\\/proizvod\\\/sveti-juraj-ubija-zmaja-2\\\/#primaryimage\",\"url\":\"https:\\\/\\\/notesofzagreb.com\\\/wp-content\\\/uploads\\\/2014\\\/12\\\/Notes-of-Zagreb-St.George-Slays-the-Dragon.jpg\",\"contentUrl\":\"https:\\\/\\\/notesofzagreb.com\\\/wp-content\\\/uploads\\\/2014\\\/12\\\/Notes-of-Zagreb-St.George-Slays-the-Dragon.jpg\",\"width\":1253,\"height\":1024,\"caption\":\"room sprej-mirisi za dom-Notes of Zagreb-home fragrance-sprej za prostor\"},{\"@type\":\"BreadcrumbList\",\"@id\":\"https:\\\/\\\/notesofzagreb.com\\\/hr\\\/proizvod\\\/sveti-juraj-ubija-zmaja-2\\\/#breadcrumb\",\"itemListElement\":[{\"@type\":\"ListItem\",\"position\":1,\"name\":\"Home\",\"item\":\"https:\\\/\\\/notesofzagreb.com\\\/hr\\\/\"},{\"@type\":\"ListItem\",\"position\":2,\"name\":\"Kupujte sve proizvode\",\"item\":\"https:\\\/\\\/notesofzagreb.com\\\/hr\\\/shop\\\/\"},{\"@type\":\"ListItem\",\"position\":3,\"name\":\"St.George Slays the Dragon\"}]},{\"@type\":\"WebSite\",\"@id\":\"https:\\\/\\\/notesofzagreb.com\\\/hr\\\/#website\",\"url\":\"https:\\\/\\\/notesofzagreb.com\\\/hr\\\/\",\"name\":\"Notes of Zagreb\",\"description\":\"Home Fragrances\",\"publisher\":{\"@id\":\"https:\\\/\\\/notesofzagreb.com\\\/hr\\\/#organization\"},\"potentialAction\":[{\"@type\":\"SearchAction\",\"target\":{\"@type\":\"EntryPoint\",\"urlTemplate\":\"https:\\\/\\\/notesofzagreb.com\\\/hr\\\/?s={search_term_string}\"},\"query-input\":{\"@type\":\"PropertyValueSpecification\",\"valueRequired\":true,\"valueName\":\"search_term_string\"}}],\"inLanguage\":\"hr\"},{\"@type\":\"Organization\",\"@id\":\"https:\\\/\\\/notesofzagreb.com\\\/hr\\\/#organization\",\"name\":\"Notes of Zagreb\",\"url\":\"https:\\\/\\\/notesofzagreb.com\\\/hr\\\/\",\"logo\":{\"@type\":\"ImageObject\",\"inLanguage\":\"hr\",\"@id\":\"https:\\\/\\\/notesofzagreb.com\\\/hr\\\/#\\\/schema\\\/logo\\\/image\\\/\",\"url\":\"https:\\\/\\\/notesofzagreb.com\\\/wp-content\\\/uploads\\\/2014\\\/12\\\/NoZ_logo_mobile.png\",\"contentUrl\":\"https:\\\/\\\/notesofzagreb.com\\\/wp-content\\\/uploads\\\/2014\\\/12\\\/NoZ_logo_mobile.png\",\"width\":229,\"height\":55,\"caption\":\"Notes of Zagreb\"},\"image\":{\"@id\":\"https:\\\/\\\/notesofzagreb.com\\\/hr\\\/#\\\/schema\\\/logo\\\/image\\\/\"},\"sameAs\":[\"http:\\\/\\\/facebook.com\\\/NotesofZagreb\\\/\",\"https:\\\/\\\/www.instagram.com\\\/notesofzagreb\\\/?hl=en\"]}]}<\/script>\n<!-- \/ Yoast SEO plugin. -->","yoast_head_json":{"title":"St.George Slays the Dragon - Notes of Zagreb","robots":{"index":"index","follow":"follow","max-snippet":"max-snippet:-1","max-image-preview":"max-image-preview:large","max-video-preview":"max-video-preview:-1"},"canonical":"https:\/\/notesofzagreb.com\/hr\/proizvod\/sveti-juraj-ubija-zmaja-2\/","og_locale":"hr_HR","og_type":"article","og_title":"St.George Slays the Dragon - Notes of Zagreb","og_description":"Upotrijebite sprej za sobu kako biste odmah namirisali sobu jednim od na\u0161ih prepoznatljivih mirisa. Gornja nota: crveno vo\u0107e, jagode Srednja nota: mo\u0161t od gro\u017e\u0111a, gro\u017e\u0111e bazna nota: sandalovina","og_url":"https:\/\/notesofzagreb.com\/hr\/proizvod\/sveti-juraj-ubija-zmaja-2\/","og_site_name":"Notes of Zagreb","article_publisher":"http:\/\/facebook.com\/NotesofZagreb\/","article_modified_time":"2024-10-02T11:16:31+00:00","og_image":[{"width":1253,"height":1024,"url":"https:\/\/notesofzagreb.com\/wp-content\/uploads\/2014\/12\/Notes-of-Zagreb-St.George-Slays-the-Dragon.jpg","type":"image\/jpeg"}],"twitter_card":"summary_large_image","twitter_misc":{"Procijenjeno vrijeme \u010ditanja":"1 minuta"},"schema":{"@context":"https:\/\/schema.org","@graph":[{"@type":"WebPage","@id":"https:\/\/notesofzagreb.com\/hr\/proizvod\/sveti-juraj-ubija-zmaja-2\/","url":"https:\/\/notesofzagreb.com\/hr\/proizvod\/sveti-juraj-ubija-zmaja-2\/","name":"St.George Slays the Dragon - Notes of Zagreb","isPartOf":{"@id":"https:\/\/notesofzagreb.com\/hr\/#website"},"primaryImageOfPage":{"@id":"https:\/\/notesofzagreb.com\/hr\/proizvod\/sveti-juraj-ubija-zmaja-2\/#primaryimage"},"image":{"@id":"https:\/\/notesofzagreb.com\/hr\/proizvod\/sveti-juraj-ubija-zmaja-2\/#primaryimage"},"thumbnailUrl":"https:\/\/notesofzagreb.com\/wp-content\/uploads\/2014\/12\/Notes-of-Zagreb-St.George-Slays-the-Dragon.jpg","datePublished":"2019-11-07T09:25:42+00:00","dateModified":"2024-10-02T11:16:31+00:00","breadcrumb":{"@id":"https:\/\/notesofzagreb.com\/hr\/proizvod\/sveti-juraj-ubija-zmaja-2\/#breadcrumb"},"inLanguage":"hr","potentialAction":[{"@type":"ReadAction","target":["https:\/\/notesofzagreb.com\/hr\/proizvod\/sveti-juraj-ubija-zmaja-2\/"]}]},{"@type":"ImageObject","inLanguage":"hr","@id":"https:\/\/notesofzagreb.com\/hr\/proizvod\/sveti-juraj-ubija-zmaja-2\/#primaryimage","url":"https:\/\/notesofzagreb.com\/wp-content\/uploads\/2014\/12\/Notes-of-Zagreb-St.George-Slays-the-Dragon.jpg","contentUrl":"https:\/\/notesofzagreb.com\/wp-content\/uploads\/2014\/12\/Notes-of-Zagreb-St.George-Slays-the-Dragon.jpg","width":1253,"height":1024,"caption":"room sprej-mirisi za dom-Notes of Zagreb-home fragrance-sprej za prostor"},{"@type":"BreadcrumbList","@id":"https:\/\/notesofzagreb.com\/hr\/proizvod\/sveti-juraj-ubija-zmaja-2\/#breadcrumb","itemListElement":[{"@type":"ListItem","position":1,"name":"Home","item":"https:\/\/notesofzagreb.com\/hr\/"},{"@type":"ListItem","position":2,"name":"Kupujte sve proizvode","item":"https:\/\/notesofzagreb.com\/hr\/shop\/"},{"@type":"ListItem","position":3,"name":"St.George Slays the Dragon"}]},{"@type":"WebSite","@id":"https:\/\/notesofzagreb.com\/hr\/#website","url":"https:\/\/notesofzagreb.com\/hr\/","name":"Notes of Zagreb","description":"Home Fragrances","publisher":{"@id":"https:\/\/notesofzagreb.com\/hr\/#organization"},"potentialAction":[{"@type":"SearchAction","target":{"@type":"EntryPoint","urlTemplate":"https:\/\/notesofzagreb.com\/hr\/?s={search_term_string}"},"query-input":{"@type":"PropertyValueSpecification","valueRequired":true,"valueName":"search_term_string"}}],"inLanguage":"hr"},{"@type":"Organization","@id":"https:\/\/notesofzagreb.com\/hr\/#organization","name":"Notes of Zagreb","url":"https:\/\/notesofzagreb.com\/hr\/","logo":{"@type":"ImageObject","inLanguage":"hr","@id":"https:\/\/notesofzagreb.com\/hr\/#\/schema\/logo\/image\/","url":"https:\/\/notesofzagreb.com\/wp-content\/uploads\/2014\/12\/NoZ_logo_mobile.png","contentUrl":"https:\/\/notesofzagreb.com\/wp-content\/uploads\/2014\/12\/NoZ_logo_mobile.png","width":229,"height":55,"caption":"Notes of Zagreb"},"image":{"@id":"https:\/\/notesofzagreb.com\/hr\/#\/schema\/logo\/image\/"},"sameAs":["http:\/\/facebook.com\/NotesofZagreb\/","https:\/\/www.instagram.com\/notesofzagreb\/?hl=en"]}]}},"_links":{"self":[{"href":"https:\/\/notesofzagreb.com\/hr\/wp-json\/wp\/v2\/product\/18969","targetHints":{"allow":["GET"]}}],"collection":[{"href":"https:\/\/notesofzagreb.com\/hr\/wp-json\/wp\/v2\/product"}],"about":[{"href":"https:\/\/notesofzagreb.com\/hr\/wp-json\/wp\/v2\/types\/product"}],"replies":[{"embeddable":true,"href":"https:\/\/notesofzagreb.com\/hr\/wp-json\/wp\/v2\/comments?post=18969"}],"wp:featuredmedia":[{"embeddable":true,"href":"https:\/\/notesofzagreb.com\/hr\/wp-json\/wp\/v2\/media\/18585"}],"wp:attachment":[{"href":"https:\/\/notesofzagreb.com\/hr\/wp-json\/wp\/v2\/media?parent=18969"}],"wp:term":[{"taxonomy":"product_brand","embeddable":true,"href":"https:\/\/notesofzagreb.com\/hr\/wp-json\/wp\/v2\/product_brand?post=18969"},{"taxonomy":"product_cat","embeddable":true,"href":"https:\/\/notesofzagreb.com\/hr\/wp-json\/wp\/v2\/product_cat?post=18969"},{"taxonomy":"product_tag","embeddable":true,"href":"https:\/\/notesofzagreb.com\/hr\/wp-json\/wp\/v2\/product_tag?post=18969"}],"curies":[{"name":"wp","href":"https:\/\/api.w.org\/{rel}","templated":true}]}}