{"id":18740,"date":"2016-01-11T09:05:39","date_gmt":"2016-01-11T09:05:39","guid":{"rendered":"https:\/\/notesofzagreb.com\/informacije-o-dostavi\/"},"modified":"2024-09-24T11:28:09","modified_gmt":"2024-09-24T11:28:09","slug":"informacije-o-dostavi","status":"publish","type":"page","link":"https:\/\/notesofzagreb.com\/hr\/informacije-o-dostavi\/","title":{"rendered":"INFORMACIJE O DOSTAVI"},"content":{"rendered":"<p>[spb_row wrap_type=&#8221;content-width&#8221; parallax_image_height=&#8221;content-height&#8221; parallax_image_movement=&#8221;fixed&#8221; parallax_image_speed=&#8221;0.5&#8243; bg_video_loop=&#8221;yes&#8221; parallax_video_height=&#8221;window-height&#8221; parallax_video_overlay=&#8221;none&#8221; row_overlay_opacity=&#8221;0&#8243; vertical_center=&#8221;true&#8221; width=&#8221;1\/1&#8243; el_position=&#8221;first last&#8221;] [spb_text_block title=&#8221;INFORMACIJE O DOSTAVI&#8221; animation=&#8221;none&#8221; animation_delay=&#8221;0&#8243; padding_vertical=&#8221;0&#8243; padding_horizontal=&#8221;0&#8243; width=&#8221;1\/1&#8243; el_position=&#8221;first last&#8221;]<\/p>\n<p class=\"p1\"><span class=\"s1\">Trenutno ne mo\u017eemo prihvatiti narud\u017ebe koje se \u0161alju na odredi\u0161ta izvan EU-a i \u0160vicarske preko premium prijevoznika.<\/span><\/p>\n<p class=\"p1\"><span class=\"s1\">Narud\u017ebe se obra\u0111uju i isporu\u010duju samo radnim danima (od ponedjeljka do petka, osim velikih praznika). Narud\u017ebe primljene neradnim danima bit \u0107e obra\u0111ene sljede\u0107i radni dan. <\/span><\/p>\n<p class=\"p1\"><span class=\"s1\">Ve\u0107ina narud\u017ebi se obra\u0111uje u roku od 1 &#8211; 2 radna dana.<\/span><\/p>\n<p class=\"p1\"><span class=\"s1\">Narud\u017ebe s Overnight ili Second bit \u0107e obra\u0111ene isti dan ako su primljene do 15:00 GMT<\/span><\/p>\n<p class=\"p1\"><span class=\"s1\">Sve kupnje podlije\u017eu autorizaciji banke prije obrade. Samo ovla\u0161tene kupnje bit \u0107e obra\u0111ene i poslane. <\/span><\/p>\n<p class=\"p3\"><span class=\"s1\">Po\u0161tarina se obra\u010dunava na blagajni. Pau\u0161alna naknada za dostavu temelji se na najni\u017eoj dostupnoj opciji dostave za artikl u va\u0161oj narud\u017ebi koji putuje najdalje da bi do\u0161ao do vas. <\/span><\/p>\n<p>[\/spb_text_block] [\/spb_row] [spb_blank_spacer height=&#8221;30px&#8221; width=&#8221;1\/1&#8243; el_position=&#8221;first last&#8221;] [spb_boxed_content type=&#8221;coloured&#8221; padding_vertical=&#8221;0&#8243; padding_horizontal=&#8221;0&#8243; width=&#8221;1\/1&#8243; el_position=&#8221;first last&#8221;]<\/p>\n<table>\n<tbody>\n<tr>\n<td>1 Zonski<\/td>\n<td>dani<\/td>\n<\/tr>\n<tr>\n<td>Austrija, Rumunjska, Slova\u010dka<\/td>\n<td>2-3<\/td>\n<\/tr>\n<tr>\n<td>\u010ce\u0161ka<\/td>\n<td>3-4<\/td>\n<\/tr>\n<tr>\n<td>2 zona<\/td>\n<td><\/td>\n<\/tr>\n<tr>\n<td>Srbija<\/td>\n<td>2-3<\/td>\n<\/tr>\n<tr>\n<td>Bugarska Njema\u010dka, Lichtenstein*<\/td>\n<td>2-3<\/td>\n<\/tr>\n<tr>\n<td>Poljska, \u0160vicarska*<\/td>\n<td>3-4<\/td>\n<\/tr>\n<tr>\n<td>Belgija, Luksemburg, Nizozemska<\/td>\n<td>4-5<\/td>\n<\/tr>\n<tr>\n<td>3 zona<\/td>\n<td><\/td>\n<\/tr>\n<tr>\n<td>Italija, Monako**, San Marino**<\/td>\n<td>3-4<\/td>\n<\/tr>\n<tr>\n<td>Vatikan**<\/td>\n<td>3-4<\/td>\n<\/tr>\n<tr>\n<td>Danska, Francuska<\/td>\n<td>4-5<\/td>\n<\/tr>\n<tr>\n<td>Velika Britanija, Irska<\/td>\n<td>5-6<\/td>\n<\/tr>\n<tr>\n<td>4 zona<\/td>\n<td><\/td>\n<\/tr>\n<tr>\n<td>Estonija, Latvija, Litva<\/td>\n<td>4-5<\/td>\n<\/tr>\n<tr>\n<td>Norve\u0161ka, \u0160vedska, Turska*<\/td>\n<td>4-5<\/td>\n<\/tr>\n<tr>\n<td>Cipar**, Gr\u010dka, Malta**<\/td>\n<td>5-6<\/td>\n<\/tr>\n<tr>\n<td>Portugal, \u0160panjolska<\/td>\n<td>5-6<\/td>\n<\/tr>\n<tr>\n<td>Andora* , Finska , Gibraltar **<\/td>\n<td>6-7<\/td>\n<\/tr>\n<\/tbody>\n<\/table>\n<p>[\/spb_boxed_content] [spb_blank_spacer height=&#8221;30px&#8221; width=&#8221;1\/1&#8243; el_position=&#8221;first last&#8221;] [spb_text_block title=&#8221;PRA\u0106ENJE NARUD\u017dBI&#8221; animation=&#8221;none&#8221; animation_delay=&#8221;0&#8243; padding_vertical=&#8221;0&#8243; padding_horizontal=&#8221;0&#8243; width=&#8221;1\/1&#8243; el_position=&#8221;first last&#8221;]<\/p>\n<p>Nakon izvr\u0161ene narud\u017ebe, primit \u0107ete potvrdu primitka e-po\u0161tom. Nakon toga \u0107e uslijediti jo\u0161 jedna e-poruka nakon \u0161to potvrdimo va\u0161e podatke o pla\u0107anju i odobrimo va\u0161u narud\u017ebu za slanje. U slu\u010daju problema u obradi va\u0161e narud\u017ebe, primit \u0107ete e-poruku s pojedinostima problema i mogu\u0107im zahtjevom za daljnjim informacijama. Svi artikli se isporu\u010duju izravno iz na\u0161ih butika. Primat \u0107ete redovite obavijesti e-po\u0161tom o statusu isporuke va\u0161e narud\u017ebe. Tako\u0111er mo\u017eete provjeriti status u odjeljku Moj ra\u010dun Zagreba\u010dkih nota ili na GLS-u umetanjem dostavljenog broja za pra\u0107enje. Vrijeme isporuke \u0107e varirati. Vi\u0161e informacija potra\u017eite u na\u0161em odjeljku za otpremu. Distrikt plus doo ne mo\u017ee preuzeti odgovornost za ka\u0161njenja uslijed carinjenja ili platne transakcije. Imajte na umu da imate 30 dana od slanja va\u0161e narud\u017ebe da nas kontaktirate ako je ne primite. Ako nas kontaktirate nakon ovog razdoblja od 30 dana, ne mo\u017eemo jam\u010diti povrat novca.<\/p>\n<p>[\/spb_text_block] [spb_blank_spacer height=&#8221;30px&#8221; width=&#8221;1\/1&#8243; el_position=&#8221;first last&#8221;] [spb_text_block title=&#8221;OTKAZIVANJA&#8221; animation=&#8221;none&#8221; animation_delay=&#8221;0&#8243; padding_vertical=&#8221;0&#8243; padding_horizontal=&#8221;0&#8243; width=&#8221;1\/1&#8243; el_position=&#8221;first last&#8221;]<\/p>\n<p>Mo\u017eete otkazati svoju narud\u017ebu, iz bilo kojeg razloga, sve do trenutka kada je obradi stroe. Nakon \u0161to je obra\u0111ena, ne mo\u017eete otkazati svoju narud\u017ebu, ali je mo\u017eete vratiti. Alternativno, mo\u017eete upotrijebiti obrazac za kontakt ili nas nazvati na +385 1 4873 460 (dostupni od ponedjeljka do petka od 10 do 19 sati GMT i od subote do nedjelje od 10 do 15 sati GMT).<\/p>\n<p>[\/spb_text_block] [spb_blank_spacer height=&#8221;30px&#8221; width=&#8221;1\/1&#8243; el_position=&#8221;first last&#8221;]<\/p>\n","protected":false},"excerpt":{"rendered":"<p>[spb_row wrap_type=&#8221;content-width&#8221; parallax_image_height=&#8221;content-height&#8221; parallax_image_movement=&#8221;fixed&#8221; parallax_image_speed=&#8221;0.5&#8243; bg_video_loop=&#8221;yes&#8221; parallax_video_height=&#8221;window-height&#8221; parallax_video_overlay=&#8221;none&#8221; row_overlay_opacity=&#8221;0&#8243; vertical_center=&#8221;true&#8221; width=&#8221;1\/1&#8243; el_position=&#8221;first last&#8221;] [spb_text_block title=&#8221;INFORMACIJE O DOSTAVI&#8221; animation=&#8221;none&#8221; animation_delay=&#8221;0&#8243; padding_vertical=&#8221;0&#8243; padding_horizontal=&#8221;0&#8243; width=&#8221;1\/1&#8243; el_position=&#8221;first last&#8221;] Trenutno ne mo\u017eemo prihvatiti narud\u017ebe koje se \u0161alju na odredi\u0161ta izvan EU-a i \u0160vicarske preko premium prijevoznika. Narud\u017ebe se obra\u0111uju i isporu\u010duju samo radnim danima (od ponedjeljka do petka, osim velikih praznika). Narud\u017ebe primljene neradnim danima [&hellip;]<\/p>\n","protected":false},"author":1,"featured_media":0,"parent":0,"menu_order":0,"comment_status":"closed","ping_status":"closed","template":"","meta":{"_monsterinsights_skip_tracking":false,"_monsterinsights_sitenote_active":false,"_monsterinsights_sitenote_note":"","_monsterinsights_sitenote_category":0,"footnotes":""},"class_list":["post-18740","page","type-page","status-publish","hentry"],"yoast_head":"<!-- This site is optimized with the Yoast SEO plugin v27.5 - https:\/\/yoast.com\/product\/yoast-seo-wordpress\/ -->\n<title>INFORMACIJE O DOSTAVI - Notes of Zagreb<\/title>\n<meta name=\"robots\" content=\"index, follow, max-snippet:-1, max-image-preview:large, max-video-preview:-1\" \/>\n<link rel=\"canonical\" href=\"https:\/\/notesofzagreb.com\/hr\/informacije-o-dostavi\/\" \/>\n<meta property=\"og:locale\" content=\"hr_HR\" \/>\n<meta property=\"og:type\" content=\"article\" \/>\n<meta property=\"og:title\" content=\"INFORMACIJE O DOSTAVI - Notes of Zagreb\" \/>\n<meta property=\"og:description\" content=\"[spb_row wrap_type=&#8221;content-width&#8221; parallax_image_height=&#8221;content-height&#8221; parallax_image_movement=&#8221;fixed&#8221; parallax_image_speed=&#8221;0.5&#8243; bg_video_loop=&#8221;yes&#8221; parallax_video_height=&#8221;window-height&#8221; parallax_video_overlay=&#8221;none&#8221; row_overlay_opacity=&#8221;0&#8243; vertical_center=&#8221;true&#8221; width=&#8221;1\/1&#8243; el_position=&#8221;first last&#8221;] [spb_text_block title=&#8221;INFORMACIJE O DOSTAVI&#8221; animation=&#8221;none&#8221; animation_delay=&#8221;0&#8243; padding_vertical=&#8221;0&#8243; padding_horizontal=&#8221;0&#8243; width=&#8221;1\/1&#8243; el_position=&#8221;first last&#8221;] Trenutno ne mo\u017eemo prihvatiti narud\u017ebe koje se \u0161alju na odredi\u0161ta izvan EU-a i \u0160vicarske preko premium prijevoznika. Narud\u017ebe se obra\u0111uju i isporu\u010duju samo radnim danima (od ponedjeljka do petka, osim velikih praznika). Narud\u017ebe primljene neradnim danima [&hellip;]\" \/>\n<meta property=\"og:url\" content=\"https:\/\/notesofzagreb.com\/hr\/informacije-o-dostavi\/\" \/>\n<meta property=\"og:site_name\" content=\"Notes of Zagreb\" \/>\n<meta property=\"article:publisher\" content=\"http:\/\/facebook.com\/NotesofZagreb\/\" \/>\n<meta property=\"article:modified_time\" content=\"2024-09-24T11:28:09+00:00\" \/>\n<meta name=\"twitter:card\" content=\"summary_large_image\" \/>\n<meta name=\"twitter:label1\" content=\"Procijenjeno vrijeme \u010ditanja\" \/>\n\t<meta name=\"twitter:data1\" content=\"3 minute\" \/>\n<script type=\"application\/ld+json\" class=\"yoast-schema-graph\">{\"@context\":\"https:\\\/\\\/schema.org\",\"@graph\":[{\"@type\":\"WebPage\",\"@id\":\"https:\\\/\\\/notesofzagreb.com\\\/hr\\\/informacije-o-dostavi\\\/\",\"url\":\"https:\\\/\\\/notesofzagreb.com\\\/hr\\\/informacije-o-dostavi\\\/\",\"name\":\"INFORMACIJE O DOSTAVI - Notes of Zagreb\",\"isPartOf\":{\"@id\":\"https:\\\/\\\/notesofzagreb.com\\\/hr\\\/#website\"},\"datePublished\":\"2016-01-11T09:05:39+00:00\",\"dateModified\":\"2024-09-24T11:28:09+00:00\",\"breadcrumb\":{\"@id\":\"https:\\\/\\\/notesofzagreb.com\\\/hr\\\/informacije-o-dostavi\\\/#breadcrumb\"},\"inLanguage\":\"hr\",\"potentialAction\":[{\"@type\":\"ReadAction\",\"target\":[\"https:\\\/\\\/notesofzagreb.com\\\/hr\\\/informacije-o-dostavi\\\/\"]}]},{\"@type\":\"BreadcrumbList\",\"@id\":\"https:\\\/\\\/notesofzagreb.com\\\/hr\\\/informacije-o-dostavi\\\/#breadcrumb\",\"itemListElement\":[{\"@type\":\"ListItem\",\"position\":1,\"name\":\"Home\",\"item\":\"https:\\\/\\\/notesofzagreb.com\\\/hr\\\/\"},{\"@type\":\"ListItem\",\"position\":2,\"name\":\"INFORMACIJE O DOSTAVI\"}]},{\"@type\":\"WebSite\",\"@id\":\"https:\\\/\\\/notesofzagreb.com\\\/hr\\\/#website\",\"url\":\"https:\\\/\\\/notesofzagreb.com\\\/hr\\\/\",\"name\":\"Notes of Zagreb\",\"description\":\"Home Fragrances\",\"publisher\":{\"@id\":\"https:\\\/\\\/notesofzagreb.com\\\/hr\\\/#organization\"},\"potentialAction\":[{\"@type\":\"SearchAction\",\"target\":{\"@type\":\"EntryPoint\",\"urlTemplate\":\"https:\\\/\\\/notesofzagreb.com\\\/hr\\\/?s={search_term_string}\"},\"query-input\":{\"@type\":\"PropertyValueSpecification\",\"valueRequired\":true,\"valueName\":\"search_term_string\"}}],\"inLanguage\":\"hr\"},{\"@type\":\"Organization\",\"@id\":\"https:\\\/\\\/notesofzagreb.com\\\/hr\\\/#organization\",\"name\":\"Notes of Zagreb\",\"url\":\"https:\\\/\\\/notesofzagreb.com\\\/hr\\\/\",\"logo\":{\"@type\":\"ImageObject\",\"inLanguage\":\"hr\",\"@id\":\"https:\\\/\\\/notesofzagreb.com\\\/hr\\\/#\\\/schema\\\/logo\\\/image\\\/\",\"url\":\"https:\\\/\\\/notesofzagreb.com\\\/wp-content\\\/uploads\\\/2014\\\/12\\\/NoZ_logo_mobile.png\",\"contentUrl\":\"https:\\\/\\\/notesofzagreb.com\\\/wp-content\\\/uploads\\\/2014\\\/12\\\/NoZ_logo_mobile.png\",\"width\":229,\"height\":55,\"caption\":\"Notes of Zagreb\"},\"image\":{\"@id\":\"https:\\\/\\\/notesofzagreb.com\\\/hr\\\/#\\\/schema\\\/logo\\\/image\\\/\"},\"sameAs\":[\"http:\\\/\\\/facebook.com\\\/NotesofZagreb\\\/\",\"https:\\\/\\\/www.instagram.com\\\/notesofzagreb\\\/?hl=en\"]}]}<\/script>\n<!-- \/ Yoast SEO plugin. -->","yoast_head_json":{"title":"INFORMACIJE O DOSTAVI - Notes of Zagreb","robots":{"index":"index","follow":"follow","max-snippet":"max-snippet:-1","max-image-preview":"max-image-preview:large","max-video-preview":"max-video-preview:-1"},"canonical":"https:\/\/notesofzagreb.com\/hr\/informacije-o-dostavi\/","og_locale":"hr_HR","og_type":"article","og_title":"INFORMACIJE O DOSTAVI - Notes of Zagreb","og_description":"[spb_row wrap_type=&#8221;content-width&#8221; parallax_image_height=&#8221;content-height&#8221; parallax_image_movement=&#8221;fixed&#8221; parallax_image_speed=&#8221;0.5&#8243; bg_video_loop=&#8221;yes&#8221; parallax_video_height=&#8221;window-height&#8221; parallax_video_overlay=&#8221;none&#8221; row_overlay_opacity=&#8221;0&#8243; vertical_center=&#8221;true&#8221; width=&#8221;1\/1&#8243; el_position=&#8221;first last&#8221;] [spb_text_block title=&#8221;INFORMACIJE O DOSTAVI&#8221; animation=&#8221;none&#8221; animation_delay=&#8221;0&#8243; padding_vertical=&#8221;0&#8243; padding_horizontal=&#8221;0&#8243; width=&#8221;1\/1&#8243; el_position=&#8221;first last&#8221;] Trenutno ne mo\u017eemo prihvatiti narud\u017ebe koje se \u0161alju na odredi\u0161ta izvan EU-a i \u0160vicarske preko premium prijevoznika. Narud\u017ebe se obra\u0111uju i isporu\u010duju samo radnim danima (od ponedjeljka do petka, osim velikih praznika). Narud\u017ebe primljene neradnim danima [&hellip;]","og_url":"https:\/\/notesofzagreb.com\/hr\/informacije-o-dostavi\/","og_site_name":"Notes of Zagreb","article_publisher":"http:\/\/facebook.com\/NotesofZagreb\/","article_modified_time":"2024-09-24T11:28:09+00:00","twitter_card":"summary_large_image","twitter_misc":{"Procijenjeno vrijeme \u010ditanja":"3 minute"},"schema":{"@context":"https:\/\/schema.org","@graph":[{"@type":"WebPage","@id":"https:\/\/notesofzagreb.com\/hr\/informacije-o-dostavi\/","url":"https:\/\/notesofzagreb.com\/hr\/informacije-o-dostavi\/","name":"INFORMACIJE O DOSTAVI - Notes of Zagreb","isPartOf":{"@id":"https:\/\/notesofzagreb.com\/hr\/#website"},"datePublished":"2016-01-11T09:05:39+00:00","dateModified":"2024-09-24T11:28:09+00:00","breadcrumb":{"@id":"https:\/\/notesofzagreb.com\/hr\/informacije-o-dostavi\/#breadcrumb"},"inLanguage":"hr","potentialAction":[{"@type":"ReadAction","target":["https:\/\/notesofzagreb.com\/hr\/informacije-o-dostavi\/"]}]},{"@type":"BreadcrumbList","@id":"https:\/\/notesofzagreb.com\/hr\/informacije-o-dostavi\/#breadcrumb","itemListElement":[{"@type":"ListItem","position":1,"name":"Home","item":"https:\/\/notesofzagreb.com\/hr\/"},{"@type":"ListItem","position":2,"name":"INFORMACIJE O DOSTAVI"}]},{"@type":"WebSite","@id":"https:\/\/notesofzagreb.com\/hr\/#website","url":"https:\/\/notesofzagreb.com\/hr\/","name":"Notes of Zagreb","description":"Home Fragrances","publisher":{"@id":"https:\/\/notesofzagreb.com\/hr\/#organization"},"potentialAction":[{"@type":"SearchAction","target":{"@type":"EntryPoint","urlTemplate":"https:\/\/notesofzagreb.com\/hr\/?s={search_term_string}"},"query-input":{"@type":"PropertyValueSpecification","valueRequired":true,"valueName":"search_term_string"}}],"inLanguage":"hr"},{"@type":"Organization","@id":"https:\/\/notesofzagreb.com\/hr\/#organization","name":"Notes of Zagreb","url":"https:\/\/notesofzagreb.com\/hr\/","logo":{"@type":"ImageObject","inLanguage":"hr","@id":"https:\/\/notesofzagreb.com\/hr\/#\/schema\/logo\/image\/","url":"https:\/\/notesofzagreb.com\/wp-content\/uploads\/2014\/12\/NoZ_logo_mobile.png","contentUrl":"https:\/\/notesofzagreb.com\/wp-content\/uploads\/2014\/12\/NoZ_logo_mobile.png","width":229,"height":55,"caption":"Notes of Zagreb"},"image":{"@id":"https:\/\/notesofzagreb.com\/hr\/#\/schema\/logo\/image\/"},"sameAs":["http:\/\/facebook.com\/NotesofZagreb\/","https:\/\/www.instagram.com\/notesofzagreb\/?hl=en"]}]}},"_links":{"self":[{"href":"https:\/\/notesofzagreb.com\/hr\/wp-json\/wp\/v2\/pages\/18740","targetHints":{"allow":["GET"]}}],"collection":[{"href":"https:\/\/notesofzagreb.com\/hr\/wp-json\/wp\/v2\/pages"}],"about":[{"href":"https:\/\/notesofzagreb.com\/hr\/wp-json\/wp\/v2\/types\/page"}],"author":[{"embeddable":true,"href":"https:\/\/notesofzagreb.com\/hr\/wp-json\/wp\/v2\/users\/1"}],"replies":[{"embeddable":true,"href":"https:\/\/notesofzagreb.com\/hr\/wp-json\/wp\/v2\/comments?post=18740"}],"version-history":[{"count":9,"href":"https:\/\/notesofzagreb.com\/hr\/wp-json\/wp\/v2\/pages\/18740\/revisions"}],"predecessor-version":[{"id":19090,"href":"https:\/\/notesofzagreb.com\/hr\/wp-json\/wp\/v2\/pages\/18740\/revisions\/19090"}],"wp:attachment":[{"href":"https:\/\/notesofzagreb.com\/hr\/wp-json\/wp\/v2\/media?parent=18740"}],"curies":[{"name":"wp","href":"https:\/\/api.w.org\/{rel}","templated":true}]}}