{"id":18731,"date":"2016-01-03T23:10:47","date_gmt":"2016-01-03T23:10:47","guid":{"rendered":"https:\/\/notesofzagreb.com\/miris-za-dom\/"},"modified":"2024-09-24T12:14:00","modified_gmt":"2024-09-24T12:14:00","slug":"miris-za-dom","status":"publish","type":"page","link":"https:\/\/notesofzagreb.com\/hr\/miris-za-dom\/","title":{"rendered":"Miris za dom"},"content":{"rendered":"<p>[spb_row element_name=&#8221;Row&#8221; wrap_type=&#8221;content-width&#8221; parallax_image_height=&#8221;content-height&#8221; parallax_image_movement=&#8221;fixed&#8221; parallax_image_speed=&#8221;0.5&#8243; bg_video_loop=&#8221;yes&#8221; parallax_video_height=&#8221;window-height&#8221; parallax_video_overlay=&#8221;none&#8221; row_overlay_opacity=&#8221;0&#8243; row_col_pos=&#8221;default&#8221; width=&#8221;1\/1&#8243; el_position=&#8221;first last&#8221;] [spb_section spb_section_id=&#8221;18851&#8243; width=&#8221;1\/1&#8243; el_position=&#8221;first last&#8221;] [\/spb_row]<\/p>\n","protected":false},"excerpt":{"rendered":"<p>[spb_row element_name=&#8221;Row&#8221; wrap_type=&#8221;content-width&#8221; parallax_image_height=&#8221;content-height&#8221; parallax_image_movement=&#8221;fixed&#8221; parallax_image_speed=&#8221;0.5&#8243; bg_video_loop=&#8221;yes&#8221; parallax_video_height=&#8221;window-height&#8221; parallax_video_overlay=&#8221;none&#8221; row_overlay_opacity=&#8221;0&#8243; row_col_pos=&#8221;default&#8221; width=&#8221;1\/1&#8243; el_position=&#8221;first last&#8221;] [spb_section spb_section_id=&#8221;18851&#8243; width=&#8221;1\/1&#8243; el_position=&#8221;first last&#8221;] [\/spb_row]<\/p>\n","protected":false},"author":1,"featured_media":0,"parent":0,"menu_order":0,"comment_status":"closed","ping_status":"closed","template":"","meta":{"_monsterinsights_skip_tracking":false,"_monsterinsights_sitenote_active":false,"_monsterinsights_sitenote_note":"","_monsterinsights_sitenote_category":0,"footnotes":""},"class_list":["post-18731","page","type-page","status-publish","hentry"],"yoast_head":"<!-- This site is optimized with the Yoast SEO plugin v27.5 - https:\/\/yoast.com\/product\/yoast-seo-wordpress\/ -->\n<title>- Miris za dom - Notes of Zagreb<\/title>\n<meta name=\"description\" content=\"Na\u0161 miris za dom ispunit \u0107e va\u0161 dom nizom prekrasnih aromati\u010dnih mirisa. Vi samo trebate odlu\u010diti koji je pravi za va\u0161 interijer.\" \/>\n<meta name=\"robots\" content=\"index, follow, max-snippet:-1, max-image-preview:large, max-video-preview:-1\" \/>\n<link rel=\"canonical\" href=\"https:\/\/notesofzagreb.com\/hr\/miris-za-dom\/\" \/>\n<meta property=\"og:locale\" content=\"hr_HR\" \/>\n<meta property=\"og:type\" content=\"article\" \/>\n<meta property=\"og:title\" content=\"- Miris za dom - Notes of Zagreb\" \/>\n<meta property=\"og:description\" content=\"Na\u0161 miris za dom ispunit \u0107e va\u0161 dom nizom prekrasnih aromati\u010dnih mirisa. Vi samo trebate odlu\u010diti koji je pravi za va\u0161 interijer.\" \/>\n<meta property=\"og:url\" content=\"https:\/\/notesofzagreb.com\/hr\/miris-za-dom\/\" \/>\n<meta property=\"og:site_name\" content=\"Notes of Zagreb\" \/>\n<meta property=\"article:publisher\" content=\"http:\/\/facebook.com\/NotesofZagreb\/\" \/>\n<meta property=\"article:modified_time\" content=\"2024-09-24T12:14:00+00:00\" \/>\n<meta name=\"twitter:card\" content=\"summary_large_image\" \/>\n<meta name=\"twitter:label1\" content=\"Procijenjeno vrijeme \u010ditanja\" \/>\n\t<meta name=\"twitter:data1\" content=\"1 minuta\" \/>\n<script type=\"application\/ld+json\" class=\"yoast-schema-graph\">{\"@context\":\"https:\\\/\\\/schema.org\",\"@graph\":[{\"@type\":\"WebPage\",\"@id\":\"https:\\\/\\\/notesofzagreb.com\\\/hr\\\/miris-za-dom\\\/\",\"url\":\"https:\\\/\\\/notesofzagreb.com\\\/hr\\\/miris-za-dom\\\/\",\"name\":\"- Miris za dom - Notes of Zagreb\",\"isPartOf\":{\"@id\":\"https:\\\/\\\/notesofzagreb.com\\\/hr\\\/#website\"},\"datePublished\":\"2016-01-03T23:10:47+00:00\",\"dateModified\":\"2024-09-24T12:14:00+00:00\",\"description\":\"Na\u0161 miris za dom ispunit \u0107e va\u0161 dom nizom prekrasnih aromati\u010dnih mirisa. Vi samo trebate odlu\u010diti koji je pravi za va\u0161 interijer.\",\"breadcrumb\":{\"@id\":\"https:\\\/\\\/notesofzagreb.com\\\/hr\\\/miris-za-dom\\\/#breadcrumb\"},\"inLanguage\":\"hr\",\"potentialAction\":[{\"@type\":\"ReadAction\",\"target\":[\"https:\\\/\\\/notesofzagreb.com\\\/hr\\\/miris-za-dom\\\/\"]}]},{\"@type\":\"BreadcrumbList\",\"@id\":\"https:\\\/\\\/notesofzagreb.com\\\/hr\\\/miris-za-dom\\\/#breadcrumb\",\"itemListElement\":[{\"@type\":\"ListItem\",\"position\":1,\"name\":\"Home\",\"item\":\"https:\\\/\\\/notesofzagreb.com\\\/hr\\\/\"},{\"@type\":\"ListItem\",\"position\":2,\"name\":\"Miris za dom\"}]},{\"@type\":\"WebSite\",\"@id\":\"https:\\\/\\\/notesofzagreb.com\\\/hr\\\/#website\",\"url\":\"https:\\\/\\\/notesofzagreb.com\\\/hr\\\/\",\"name\":\"Notes of Zagreb\",\"description\":\"Home Fragrances\",\"publisher\":{\"@id\":\"https:\\\/\\\/notesofzagreb.com\\\/hr\\\/#organization\"},\"potentialAction\":[{\"@type\":\"SearchAction\",\"target\":{\"@type\":\"EntryPoint\",\"urlTemplate\":\"https:\\\/\\\/notesofzagreb.com\\\/hr\\\/?s={search_term_string}\"},\"query-input\":{\"@type\":\"PropertyValueSpecification\",\"valueRequired\":true,\"valueName\":\"search_term_string\"}}],\"inLanguage\":\"hr\"},{\"@type\":\"Organization\",\"@id\":\"https:\\\/\\\/notesofzagreb.com\\\/hr\\\/#organization\",\"name\":\"Notes of Zagreb\",\"url\":\"https:\\\/\\\/notesofzagreb.com\\\/hr\\\/\",\"logo\":{\"@type\":\"ImageObject\",\"inLanguage\":\"hr\",\"@id\":\"https:\\\/\\\/notesofzagreb.com\\\/hr\\\/#\\\/schema\\\/logo\\\/image\\\/\",\"url\":\"https:\\\/\\\/notesofzagreb.com\\\/wp-content\\\/uploads\\\/2014\\\/12\\\/NoZ_logo_mobile.png\",\"contentUrl\":\"https:\\\/\\\/notesofzagreb.com\\\/wp-content\\\/uploads\\\/2014\\\/12\\\/NoZ_logo_mobile.png\",\"width\":229,\"height\":55,\"caption\":\"Notes of Zagreb\"},\"image\":{\"@id\":\"https:\\\/\\\/notesofzagreb.com\\\/hr\\\/#\\\/schema\\\/logo\\\/image\\\/\"},\"sameAs\":[\"http:\\\/\\\/facebook.com\\\/NotesofZagreb\\\/\",\"https:\\\/\\\/www.instagram.com\\\/notesofzagreb\\\/?hl=en\"]}]}<\/script>\n<!-- \/ Yoast SEO plugin. -->","yoast_head_json":{"title":"- Miris za dom - Notes of Zagreb","description":"Na\u0161 miris za dom ispunit \u0107e va\u0161 dom nizom prekrasnih aromati\u010dnih mirisa. Vi samo trebate odlu\u010diti koji je pravi za va\u0161 interijer.","robots":{"index":"index","follow":"follow","max-snippet":"max-snippet:-1","max-image-preview":"max-image-preview:large","max-video-preview":"max-video-preview:-1"},"canonical":"https:\/\/notesofzagreb.com\/hr\/miris-za-dom\/","og_locale":"hr_HR","og_type":"article","og_title":"- Miris za dom - Notes of Zagreb","og_description":"Na\u0161 miris za dom ispunit \u0107e va\u0161 dom nizom prekrasnih aromati\u010dnih mirisa. Vi samo trebate odlu\u010diti koji je pravi za va\u0161 interijer.","og_url":"https:\/\/notesofzagreb.com\/hr\/miris-za-dom\/","og_site_name":"Notes of Zagreb","article_publisher":"http:\/\/facebook.com\/NotesofZagreb\/","article_modified_time":"2024-09-24T12:14:00+00:00","twitter_card":"summary_large_image","twitter_misc":{"Procijenjeno vrijeme \u010ditanja":"1 minuta"},"schema":{"@context":"https:\/\/schema.org","@graph":[{"@type":"WebPage","@id":"https:\/\/notesofzagreb.com\/hr\/miris-za-dom\/","url":"https:\/\/notesofzagreb.com\/hr\/miris-za-dom\/","name":"- Miris za dom - Notes of Zagreb","isPartOf":{"@id":"https:\/\/notesofzagreb.com\/hr\/#website"},"datePublished":"2016-01-03T23:10:47+00:00","dateModified":"2024-09-24T12:14:00+00:00","description":"Na\u0161 miris za dom ispunit \u0107e va\u0161 dom nizom prekrasnih aromati\u010dnih mirisa. Vi samo trebate odlu\u010diti koji je pravi za va\u0161 interijer.","breadcrumb":{"@id":"https:\/\/notesofzagreb.com\/hr\/miris-za-dom\/#breadcrumb"},"inLanguage":"hr","potentialAction":[{"@type":"ReadAction","target":["https:\/\/notesofzagreb.com\/hr\/miris-za-dom\/"]}]},{"@type":"BreadcrumbList","@id":"https:\/\/notesofzagreb.com\/hr\/miris-za-dom\/#breadcrumb","itemListElement":[{"@type":"ListItem","position":1,"name":"Home","item":"https:\/\/notesofzagreb.com\/hr\/"},{"@type":"ListItem","position":2,"name":"Miris za dom"}]},{"@type":"WebSite","@id":"https:\/\/notesofzagreb.com\/hr\/#website","url":"https:\/\/notesofzagreb.com\/hr\/","name":"Notes of Zagreb","description":"Home Fragrances","publisher":{"@id":"https:\/\/notesofzagreb.com\/hr\/#organization"},"potentialAction":[{"@type":"SearchAction","target":{"@type":"EntryPoint","urlTemplate":"https:\/\/notesofzagreb.com\/hr\/?s={search_term_string}"},"query-input":{"@type":"PropertyValueSpecification","valueRequired":true,"valueName":"search_term_string"}}],"inLanguage":"hr"},{"@type":"Organization","@id":"https:\/\/notesofzagreb.com\/hr\/#organization","name":"Notes of Zagreb","url":"https:\/\/notesofzagreb.com\/hr\/","logo":{"@type":"ImageObject","inLanguage":"hr","@id":"https:\/\/notesofzagreb.com\/hr\/#\/schema\/logo\/image\/","url":"https:\/\/notesofzagreb.com\/wp-content\/uploads\/2014\/12\/NoZ_logo_mobile.png","contentUrl":"https:\/\/notesofzagreb.com\/wp-content\/uploads\/2014\/12\/NoZ_logo_mobile.png","width":229,"height":55,"caption":"Notes of Zagreb"},"image":{"@id":"https:\/\/notesofzagreb.com\/hr\/#\/schema\/logo\/image\/"},"sameAs":["http:\/\/facebook.com\/NotesofZagreb\/","https:\/\/www.instagram.com\/notesofzagreb\/?hl=en"]}]}},"_links":{"self":[{"href":"https:\/\/notesofzagreb.com\/hr\/wp-json\/wp\/v2\/pages\/18731","targetHints":{"allow":["GET"]}}],"collection":[{"href":"https:\/\/notesofzagreb.com\/hr\/wp-json\/wp\/v2\/pages"}],"about":[{"href":"https:\/\/notesofzagreb.com\/hr\/wp-json\/wp\/v2\/types\/page"}],"author":[{"embeddable":true,"href":"https:\/\/notesofzagreb.com\/hr\/wp-json\/wp\/v2\/users\/1"}],"replies":[{"embeddable":true,"href":"https:\/\/notesofzagreb.com\/hr\/wp-json\/wp\/v2\/comments?post=18731"}],"version-history":[{"count":2,"href":"https:\/\/notesofzagreb.com\/hr\/wp-json\/wp\/v2\/pages\/18731\/revisions"}],"predecessor-version":[{"id":19113,"href":"https:\/\/notesofzagreb.com\/hr\/wp-json\/wp\/v2\/pages\/18731\/revisions\/19113"}],"wp:attachment":[{"href":"https:\/\/notesofzagreb.com\/hr\/wp-json\/wp\/v2\/media?parent=18731"}],"curies":[{"name":"wp","href":"https:\/\/api.w.org\/{rel}","templated":true}]}}