{"id":18730,"date":"2016-01-11T09:45:17","date_gmt":"2016-01-11T09:45:17","guid":{"rendered":"https:\/\/notesofzagreb.com\/politika-povrata\/"},"modified":"2024-09-24T11:28:02","modified_gmt":"2024-09-24T11:28:02","slug":"politika-povrata","status":"publish","type":"page","link":"https:\/\/notesofzagreb.com\/hr\/politika-povrata\/","title":{"rendered":"POLITIKA POVRATA"},"content":{"rendered":"<p>[spb_boxed_content title=&#8221;POLITIKA POVRATA&#8221; type=&#8221;coloured&#8221; box_link_target=&#8221;_self&#8221; padding_vertical=&#8221;0&#8243; padding_horizontal=&#8221;0&#8243; width=&#8221;1\/1&#8243; el_position=&#8221;first last&#8221;]<\/p>\n<p class=\"p1\"><span class=\"s1\">Vra\u0107eni artikli moraju biti u skladu s na\u0161om politikom povrata:<\/span><\/p>\n<p class=\"p1\"><span class=\"s1\"><span class=\"s1\">Va\u0161 vra\u0107eni artikl mora sti\u0107i u trgovinu najkasnije 14 dana nakon primitka narud\u017ebe. Nakon tog vremena ne mo\u017eemo jam\u010diti da \u0107e trgovina prihvatiti narud\u017ebu za povrat; <\/span><\/span><\/p>\n<hr>\n<p class=\"p1\">  Toplo preporu\u010dujemo da povratno preuzimanje rezervirate u roku od 7 dana od primitka narud\u017ebe kako biste bili sigurni da \u0107e sti\u0107i u trgovinu u roku od 14 dana.<\/p>\n<p><span class=\"s1\"><span class=\"s1\">Obratite se slu\u017ebi za korisnike ako imate bilo kakvih pitanja u vezi s ovim.<\/span><\/span><\/p>\n<hr>\n<p>  Napominjemo da mo\u017eemo primati povrate samo iz iste zemlje u koju je isporu\u010dena va\u0161a narud\u017eba.  <span class=\"s1\"><span class=\"s1\">Ako ste vratili artikl iz zemlje koja nije zemlja isporuke, mo\u017eda \u0107ete morati platiti dodatne uvozne carine.<\/span><\/span><\/p>\n<hr>\n<p>  Nakon \u0161to trgovina primi va\u0161 povrat i kada je u skladu s na\u0161om politikom povrata, vratit \u0107emo vam novac izvornim na\u010dinom pla\u0107anja;  <\/p>\n<hr>\n<p><span class=\"s1\"><span class=\"s1\">Preporu\u010dujemo da artikle vratite u izvornom pakiranju kako biste osigurali potrebnu za\u0161titu tijekom prijevoza;<\/span><\/span><\/p>\n<hr>\n<p><span class=\"s1\">Vra\u0107eni artikli bit \u0107e vra\u0107eni bez tro\u0161kova dostave kada koristite na\u0161u besplatnu uslugu preuzimanja.<\/span><\/p>\n<hr>\n<p class=\"fz bw ev ga bz ex cc cd gb gc gd ge gf gg\">Imajte na umu da mo\u017ee pro\u0107i do 10 radnih dana dok se povrati ne prika\u017eu na va\u0161em ra\u010dunu zbog razli\u010ditog vremena obrade izme\u0111u pru\u017eatelja usluga pla\u0107anja.<\/p>\n<hr>\n<p>  Prema Uredbi EU br. 524\/2013, prekograni\u010dni sporovi mogu se rje\u0161avati izvansudskim putem kori\u0161tenjem ove internetske platforme: <a href=\"https:\/\/ec.europa.eu\/odr\" target=\"_blank\" rel=\"noopener\">https:\/\/ec.europa.eu\/odr<\/a> .<\/p>\n<p>[\/spb_boxed_content]<\/p>\n","protected":false},"excerpt":{"rendered":"<p>[spb_boxed_content title=&#8221;POLITIKA POVRATA&#8221; type=&#8221;coloured&#8221; box_link_target=&#8221;_self&#8221; padding_vertical=&#8221;0&#8243; padding_horizontal=&#8221;0&#8243; width=&#8221;1\/1&#8243; el_position=&#8221;first last&#8221;] Vra\u0107eni artikli moraju biti u skladu s na\u0161om politikom povrata: Va\u0161 vra\u0107eni artikl mora sti\u0107i u trgovinu najkasnije 14 dana nakon primitka narud\u017ebe. Nakon tog vremena ne mo\u017eemo jam\u010diti da \u0107e trgovina prihvatiti narud\u017ebu za povrat; Toplo preporu\u010dujemo da povratno preuzimanje rezervirate u roku od 7 dana od primitka narud\u017ebe [&hellip;]<\/p>\n","protected":false},"author":1,"featured_media":0,"parent":0,"menu_order":0,"comment_status":"closed","ping_status":"closed","template":"","meta":{"_monsterinsights_skip_tracking":false,"_monsterinsights_sitenote_active":false,"_monsterinsights_sitenote_note":"","_monsterinsights_sitenote_category":0,"footnotes":""},"class_list":["post-18730","page","type-page","status-publish","hentry"],"yoast_head":"<!-- This site is optimized with the Yoast SEO plugin v24.2 - https:\/\/yoast.com\/wordpress\/plugins\/seo\/ -->\n<title>POLITIKA POVRATA - Notes of Zagreb<\/title>\n<meta name=\"robots\" content=\"index, follow, max-snippet:-1, max-image-preview:large, max-video-preview:-1\" \/>\n<link rel=\"canonical\" href=\"https:\/\/notesofzagreb.com\/hr\/politika-povrata\/\" \/>\n<meta property=\"og:locale\" content=\"hr_HR\" \/>\n<meta property=\"og:type\" content=\"article\" \/>\n<meta property=\"og:title\" content=\"POLITIKA POVRATA - Notes of Zagreb\" \/>\n<meta property=\"og:description\" content=\"[spb_boxed_content title=&#8221;POLITIKA POVRATA&#8221; type=&#8221;coloured&#8221; box_link_target=&#8221;_self&#8221; padding_vertical=&#8221;0&#8243; padding_horizontal=&#8221;0&#8243; width=&#8221;1\/1&#8243; el_position=&#8221;first last&#8221;] Vra\u0107eni artikli moraju biti u skladu s na\u0161om politikom povrata: Va\u0161 vra\u0107eni artikl mora sti\u0107i u trgovinu najkasnije 14 dana nakon primitka narud\u017ebe. Nakon tog vremena ne mo\u017eemo jam\u010diti da \u0107e trgovina prihvatiti narud\u017ebu za povrat; Toplo preporu\u010dujemo da povratno preuzimanje rezervirate u roku od 7 dana od primitka narud\u017ebe [&hellip;]\" \/>\n<meta property=\"og:url\" content=\"https:\/\/notesofzagreb.com\/hr\/politika-povrata\/\" \/>\n<meta property=\"og:site_name\" content=\"Notes of Zagreb\" \/>\n<meta property=\"article:publisher\" content=\"http:\/\/facebook.com\/NotesofZagreb\/\" \/>\n<meta property=\"article:modified_time\" content=\"2024-09-24T11:28:02+00:00\" \/>\n<meta name=\"twitter:card\" content=\"summary_large_image\" \/>\n<meta name=\"twitter:label1\" content=\"Procijenjeno vrijeme \u010ditanja\" \/>\n\t<meta name=\"twitter:data1\" content=\"1 minuta\" \/>\n<script type=\"application\/ld+json\" class=\"yoast-schema-graph\">{\"@context\":\"https:\/\/schema.org\",\"@graph\":[{\"@type\":\"WebPage\",\"@id\":\"https:\/\/notesofzagreb.com\/hr\/politika-povrata\/\",\"url\":\"https:\/\/notesofzagreb.com\/hr\/politika-povrata\/\",\"name\":\"POLITIKA POVRATA - Notes of Zagreb\",\"isPartOf\":{\"@id\":\"https:\/\/notesofzagreb.com\/hr\/#website\"},\"datePublished\":\"2016-01-11T09:45:17+00:00\",\"dateModified\":\"2024-09-24T11:28:02+00:00\",\"breadcrumb\":{\"@id\":\"https:\/\/notesofzagreb.com\/hr\/politika-povrata\/#breadcrumb\"},\"inLanguage\":\"hr\",\"potentialAction\":[{\"@type\":\"ReadAction\",\"target\":[\"https:\/\/notesofzagreb.com\/hr\/politika-povrata\/\"]}]},{\"@type\":\"BreadcrumbList\",\"@id\":\"https:\/\/notesofzagreb.com\/hr\/politika-povrata\/#breadcrumb\",\"itemListElement\":[{\"@type\":\"ListItem\",\"position\":1,\"name\":\"Home\",\"item\":\"https:\/\/notesofzagreb.com\/hr\/\"},{\"@type\":\"ListItem\",\"position\":2,\"name\":\"POLITIKA POVRATA\"}]},{\"@type\":\"WebSite\",\"@id\":\"https:\/\/notesofzagreb.com\/hr\/#website\",\"url\":\"https:\/\/notesofzagreb.com\/hr\/\",\"name\":\"Notes of Zagreb\",\"description\":\"Home Fragrances\",\"publisher\":{\"@id\":\"https:\/\/notesofzagreb.com\/hr\/#organization\"},\"potentialAction\":[{\"@type\":\"SearchAction\",\"target\":{\"@type\":\"EntryPoint\",\"urlTemplate\":\"https:\/\/notesofzagreb.com\/hr\/?s={search_term_string}\"},\"query-input\":{\"@type\":\"PropertyValueSpecification\",\"valueRequired\":true,\"valueName\":\"search_term_string\"}}],\"inLanguage\":\"hr\"},{\"@type\":\"Organization\",\"@id\":\"https:\/\/notesofzagreb.com\/hr\/#organization\",\"name\":\"Notes of Zagreb\",\"url\":\"https:\/\/notesofzagreb.com\/hr\/\",\"logo\":{\"@type\":\"ImageObject\",\"inLanguage\":\"hr\",\"@id\":\"https:\/\/notesofzagreb.com\/hr\/#\/schema\/logo\/image\/\",\"url\":\"https:\/\/notesofzagreb.com\/wp-content\/uploads\/2014\/12\/NoZ_logo_mobile.png\",\"contentUrl\":\"https:\/\/notesofzagreb.com\/wp-content\/uploads\/2014\/12\/NoZ_logo_mobile.png\",\"width\":229,\"height\":55,\"caption\":\"Notes of Zagreb\"},\"image\":{\"@id\":\"https:\/\/notesofzagreb.com\/hr\/#\/schema\/logo\/image\/\"},\"sameAs\":[\"http:\/\/facebook.com\/NotesofZagreb\/\",\"https:\/\/www.instagram.com\/notesofzagreb\/?hl=en\"]}]}<\/script>\n<!-- \/ Yoast SEO plugin. -->","yoast_head_json":{"title":"POLITIKA POVRATA - Notes of Zagreb","robots":{"index":"index","follow":"follow","max-snippet":"max-snippet:-1","max-image-preview":"max-image-preview:large","max-video-preview":"max-video-preview:-1"},"canonical":"https:\/\/notesofzagreb.com\/hr\/politika-povrata\/","og_locale":"hr_HR","og_type":"article","og_title":"POLITIKA POVRATA - Notes of Zagreb","og_description":"[spb_boxed_content title=&#8221;POLITIKA POVRATA&#8221; type=&#8221;coloured&#8221; box_link_target=&#8221;_self&#8221; padding_vertical=&#8221;0&#8243; padding_horizontal=&#8221;0&#8243; width=&#8221;1\/1&#8243; el_position=&#8221;first last&#8221;] Vra\u0107eni artikli moraju biti u skladu s na\u0161om politikom povrata: Va\u0161 vra\u0107eni artikl mora sti\u0107i u trgovinu najkasnije 14 dana nakon primitka narud\u017ebe. Nakon tog vremena ne mo\u017eemo jam\u010diti da \u0107e trgovina prihvatiti narud\u017ebu za povrat; Toplo preporu\u010dujemo da povratno preuzimanje rezervirate u roku od 7 dana od primitka narud\u017ebe [&hellip;]","og_url":"https:\/\/notesofzagreb.com\/hr\/politika-povrata\/","og_site_name":"Notes of Zagreb","article_publisher":"http:\/\/facebook.com\/NotesofZagreb\/","article_modified_time":"2024-09-24T11:28:02+00:00","twitter_card":"summary_large_image","twitter_misc":{"Procijenjeno vrijeme \u010ditanja":"1 minuta"},"schema":{"@context":"https:\/\/schema.org","@graph":[{"@type":"WebPage","@id":"https:\/\/notesofzagreb.com\/hr\/politika-povrata\/","url":"https:\/\/notesofzagreb.com\/hr\/politika-povrata\/","name":"POLITIKA POVRATA - Notes of Zagreb","isPartOf":{"@id":"https:\/\/notesofzagreb.com\/hr\/#website"},"datePublished":"2016-01-11T09:45:17+00:00","dateModified":"2024-09-24T11:28:02+00:00","breadcrumb":{"@id":"https:\/\/notesofzagreb.com\/hr\/politika-povrata\/#breadcrumb"},"inLanguage":"hr","potentialAction":[{"@type":"ReadAction","target":["https:\/\/notesofzagreb.com\/hr\/politika-povrata\/"]}]},{"@type":"BreadcrumbList","@id":"https:\/\/notesofzagreb.com\/hr\/politika-povrata\/#breadcrumb","itemListElement":[{"@type":"ListItem","position":1,"name":"Home","item":"https:\/\/notesofzagreb.com\/hr\/"},{"@type":"ListItem","position":2,"name":"POLITIKA POVRATA"}]},{"@type":"WebSite","@id":"https:\/\/notesofzagreb.com\/hr\/#website","url":"https:\/\/notesofzagreb.com\/hr\/","name":"Notes of Zagreb","description":"Home Fragrances","publisher":{"@id":"https:\/\/notesofzagreb.com\/hr\/#organization"},"potentialAction":[{"@type":"SearchAction","target":{"@type":"EntryPoint","urlTemplate":"https:\/\/notesofzagreb.com\/hr\/?s={search_term_string}"},"query-input":{"@type":"PropertyValueSpecification","valueRequired":true,"valueName":"search_term_string"}}],"inLanguage":"hr"},{"@type":"Organization","@id":"https:\/\/notesofzagreb.com\/hr\/#organization","name":"Notes of Zagreb","url":"https:\/\/notesofzagreb.com\/hr\/","logo":{"@type":"ImageObject","inLanguage":"hr","@id":"https:\/\/notesofzagreb.com\/hr\/#\/schema\/logo\/image\/","url":"https:\/\/notesofzagreb.com\/wp-content\/uploads\/2014\/12\/NoZ_logo_mobile.png","contentUrl":"https:\/\/notesofzagreb.com\/wp-content\/uploads\/2014\/12\/NoZ_logo_mobile.png","width":229,"height":55,"caption":"Notes of Zagreb"},"image":{"@id":"https:\/\/notesofzagreb.com\/hr\/#\/schema\/logo\/image\/"},"sameAs":["http:\/\/facebook.com\/NotesofZagreb\/","https:\/\/www.instagram.com\/notesofzagreb\/?hl=en"]}]}},"_links":{"self":[{"href":"https:\/\/notesofzagreb.com\/hr\/wp-json\/wp\/v2\/pages\/18730","targetHints":{"allow":["GET"]}}],"collection":[{"href":"https:\/\/notesofzagreb.com\/hr\/wp-json\/wp\/v2\/pages"}],"about":[{"href":"https:\/\/notesofzagreb.com\/hr\/wp-json\/wp\/v2\/types\/page"}],"author":[{"embeddable":true,"href":"https:\/\/notesofzagreb.com\/hr\/wp-json\/wp\/v2\/users\/1"}],"replies":[{"embeddable":true,"href":"https:\/\/notesofzagreb.com\/hr\/wp-json\/wp\/v2\/comments?post=18730"}],"version-history":[{"count":12,"href":"https:\/\/notesofzagreb.com\/hr\/wp-json\/wp\/v2\/pages\/18730\/revisions"}],"predecessor-version":[{"id":19080,"href":"https:\/\/notesofzagreb.com\/hr\/wp-json\/wp\/v2\/pages\/18730\/revisions\/19080"}],"wp:attachment":[{"href":"https:\/\/notesofzagreb.com\/hr\/wp-json\/wp\/v2\/media?parent=18730"}],"curies":[{"name":"wp","href":"https:\/\/api.w.org\/{rel}","templated":true}]}}