{"id":18724,"date":"2016-03-25T10:14:34","date_gmt":"2016-03-25T10:14:34","guid":{"rendered":"https:\/\/notesofzagreb.com\/sigurnost-online-placanja\/"},"modified":"2024-09-20T09:15:15","modified_gmt":"2024-09-20T09:15:15","slug":"sigurnost-online-placanja","status":"publish","type":"page","link":"https:\/\/notesofzagreb.com\/hr\/sigurnost-online-placanja\/","title":{"rendered":"SIGURNOST ONLINE PLA\u0106ANJA"},"content":{"rendered":"<p>[spb_boxed_content title=&#8221;SIGURNOST ONLINE PLA\u0106ANJA&#8221; type=&#8221;coloured&#8221; padding_vertical=&#8221;0&#8243; padding_horizontal=&#8221;0&#8243; width=&#8221;1\/1&#8243; el_position=&#8221;first last&#8221;]<\/p>\n<div class=\"page\" title=\"stranica 3\">\n<div class=\"layoutArea\">\n<div class=\"column\">\n<p style=\"text-align: justify;\">Prilikom pla\u0107anja na na\u0161em web shopu koristite CorvusPay \u2013 napredni sustav za siguran prihvat kreditnih kartica na Internetu.<\/p>\n<p style=\"text-align: justify;\">CorvusPay osigurava potpunu privatnost podataka va\u0161e kreditne kartice od trenutka kada ih upi\u0161ete u CorvusPay obrazac za pla\u0107anje. Podaci potrebni za naplatu proslje\u0111uju se \u0161ifrirani iz va\u0161eg web preglednika banci koja je izdala va\u0161u platnu karticu. Na\u0161a trgovina nikada ne dolazi u kontakt s va\u0161im osjetljivim podacima o platnoj kartici. Sli\u010dno tome, operateri CorvusPaya ne mogu pristupiti va\u0161im potpunim podacima o vlasniku kartice. Izolirana jezgra sustava neovisno prenosi i upravlja osjetljivim podacima dok ih u isto vrijeme dr\u017ei potpuno sigurnima.    <\/p>\n<p style=\"text-align: justify;\">Obrazac za unos podataka o pla\u0107anju osiguran je SSL prijenosnom \u0161ifrom najve\u0107e pouzdanosti. Svi pohranjeni podaci dodatno su za\u0161ti\u0107eni visokokvalitetnom enkripcijom, kori\u0161tenjem hardverskih ure\u0111aja certificiranih prema FIPS 140 2 Level 3 standardu. CorvusPay ispunjava sve zahtjeve za sigurno online pla\u0107anje koje propisuju vode\u0107i karti\u010dni brendovi, posluju\u0107i u skladu s PCI DSS Level 1 standardom &#8211; najvi\u0161im sigurnosnim standardom industrije platnih kartica. Pla\u0107anja izvr\u0161ena karticama koje su uklju\u010dene u program 3-D Secure dodatno autentificira banka izdavatelj, potvr\u0111uju\u0107i va\u0161 identitet upotrebom tokena ili lozinke.   <\/p>\n<p style=\"text-align: justify;\">Sve informacije koje prikuplja Corvus Info smatraju se bankovnom tajnom i s njima se postupa u skladu s tim. Podaci se koriste isklju\u010divo u svrhe za koje su namijenjeni. Va\u0161i osjetljivi podaci potpuno su sigurni, a njihovu privatnost jam\u010de najsuvremeniji za\u0161titni mehanizmi. Prikupljamo samo podatke potrebne za obavljanje posla u skladu sa zahtjevnim propisanim procedurama za online pla\u0107anje.   <\/p>\n<\/div>\n<\/div>\n<\/div>\n<div class=\"page\" title=\"stranica 4\">\n<div class=\"layoutArea\">\n<div class=\"column\">\n<p style=\"text-align: justify;\">Sigurnosne kontrole i operativni postupci koji se primjenjuju unutar CorvusPay infrastrukture ne samo da osiguravaju trenutnu pouzdanost CorvusPay-a, ve\u0107 trajno odr\u017eavaju i pobolj\u0161avaju sigurnosne razine za\u0161tite podataka va\u0161e kreditne kartice odr\u017eavanjem strogih kontrola pristupa, redovitim sigurnosnim i dubinskim provjerama sustava za sprje\u010davanje mre\u017enih ranjivosti.<\/p>\n<p style=\"text-align: justify;\"><a href=\"https:\/\/notesofzagreb.com\/wp-content\/uploads\/2016\/03\/CorvusPay.png\" rel=\"attachment wp-att-15543\"><img loading=\"lazy\" decoding=\"async\" class=\"alignnone size-medium wp-image-15543\" src=\"https:\/\/notesofzagreb.com\/wp-content\/uploads\/2016\/03\/CorvusPay-300x94.png\" alt=\"CorvusPay\" width=\"300\" height=\"94\" srcset=\"https:\/\/notesofzagreb.com\/wp-content\/uploads\/2016\/03\/CorvusPay-300x94.png 300w, https:\/\/notesofzagreb.com\/wp-content\/uploads\/2016\/03\/CorvusPay-460x144.png 460w, https:\/\/notesofzagreb.com\/wp-content\/uploads\/2016\/03\/CorvusPay-200x63.png 200w, https:\/\/notesofzagreb.com\/wp-content\/uploads\/2016\/03\/CorvusPay.png 648w\" sizes=\"auto, (max-width: 300px) 100vw, 300px\" \/><\/a><\/p>\n<p style=\"text-align: justify;\"><a class=\"www.maestrocard.com\" href=\"https:\/\/www.maestrocard.com\" target=\"_blank\" rel=\"www.maestrocard.com noopener\"><img loading=\"lazy\" decoding=\"async\" class=\"alignnone wp-image-15560 size-full\" src=\"https:\/\/notesofzagreb.com\/wp-content\/uploads\/2016\/03\/maestro_logo_sm.gif\" alt=\"maestro_logo_sm\" width=\"72\" height=\"43\"><\/a> <a class=\" www.diners.com.hr\" href=\"https:\/\/www.diners.com.hr\" target=\"_blank\" rel=\"www.diners.com.hr noopener\"><img loading=\"lazy\" decoding=\"async\" class=\"alignnone wp-image-15567 size-full\" src=\"https:\/\/notesofzagreb.com\/wp-content\/uploads\/2016\/03\/logo_sigurna-kupnja_2.1-1.png\" alt=\"logo_sigurna kupnja_2.1\" width=\"228\" height=\"94\" srcset=\"https:\/\/notesofzagreb.com\/wp-content\/uploads\/2016\/03\/logo_sigurna-kupnja_2.1-1.png 228w, https:\/\/notesofzagreb.com\/wp-content\/uploads\/2016\/03\/logo_sigurna-kupnja_2.1-1-200x82.png 200w\" sizes=\"auto, (max-width: 228px) 100vw, 228px\" \/><\/a> <a class=\"www.mastercard.com\" href=\"https:\/\/www.mastercard.com\" target=\"_blank\" rel=\"www.mastercard.com noopener\"><img loading=\"lazy\" decoding=\"async\" class=\"alignnone wp-image-15561\" src=\"https:\/\/notesofzagreb.com\/wp-content\/uploads\/2016\/03\/mastercard_logo_sm.gif\" alt=\"mastercard_logo_sm\" width=\"72\" height=\"43\"><\/a><a class=\"https:\/\/www.erstecardclub.hr\/Press\/Vijesti\/Vijest\/22-tra-2013\/Isprobajte-novu-uslugu- Verified-by-VISA.html?bmlcNDQ%3d\" href=\"https:\/\/www.erstecardclub.hr\/Press\/Vijesti\/Vijest\/22-tra-2013\/Isprobajte-novu-uslugu-%20Verified-by-VISA.html?bmlcNDQ%3d\" target=\"_blank\" rel=\"https:\/\/www.erstecardclub.hr\/Press\/Vijesti\/Vijest\/22-tra-2013\/Isprobajte-novu-uslugu- Verified-by-VISA.html?bmlcNDQ%3d noopener\"><img loading=\"lazy\" decoding=\"async\" class=\"alignnone wp-image-15569 size-full\" src=\"https:\/\/notesofzagreb.com\/wp-content\/uploads\/2016\/03\/VerifiedbyVisa.jpg\" alt=\"VerifiedbyVisa\" width=\"116\" height=\"52\"><\/a><a class=\"https:\/\/www.erstecardclub.hr\/Press\/Vijesti\/Vijest\/22-tra-2013\/3D-SecureCode-usluga-za- sigurnu-internetsku-kupnju.html?bmlcNDU%3d\" href=\"https:\/\/www.erstecardclub.hr\/Press\/Vijesti\/Vijest\/22-tra-2013\/3D-SecureCode-usluga-za-%20sigurnu-internetsku-kupnju.html?bmlcNDU%3d\" target=\"_blank\" rel=\"https:\/\/www.erstecardclub.hr\/Press\/Vijesti\/Vijest\/22-tra-2013\/3D-SecureCode-usluga-za- sigurnu-internetsku-kupnju.html?bmlcNDU%3d noopener\"><img loading=\"lazy\" decoding=\"async\" class=\"alignnone wp-image-15564 size-full\" src=\"https:\/\/notesofzagreb.com\/wp-content\/uploads\/2016\/03\/secureCode_logo.gif\" alt=\"secureCode_logo\" width=\"116\" height=\"44\"><\/a><\/p>\n<\/div>\n<\/div>\n<\/div>\n<p>[\/spb_boxed_content]<\/p>\n","protected":false},"excerpt":{"rendered":"<p>[spb_boxed_content title=&#8221;SIGURNOST ONLINE PLA\u0106ANJA&#8221; type=&#8221;coloured&#8221; padding_vertical=&#8221;0&#8243; padding_horizontal=&#8221;0&#8243; width=&#8221;1\/1&#8243; el_position=&#8221;first last&#8221;] Prilikom pla\u0107anja na na\u0161em web shopu koristite CorvusPay \u2013 napredni sustav za siguran prihvat kreditnih kartica na Internetu. CorvusPay osigurava potpunu privatnost podataka va\u0161e kreditne kartice od trenutka kada ih upi\u0161ete u CorvusPay obrazac za pla\u0107anje. Podaci potrebni za naplatu proslje\u0111uju se \u0161ifrirani iz va\u0161eg web preglednika banci koja je [&hellip;]<\/p>\n","protected":false},"author":2,"featured_media":0,"parent":0,"menu_order":0,"comment_status":"closed","ping_status":"closed","template":"","meta":{"_monsterinsights_skip_tracking":false,"_monsterinsights_sitenote_active":false,"_monsterinsights_sitenote_note":"","_monsterinsights_sitenote_category":0,"footnotes":""},"class_list":["post-18724","page","type-page","status-publish","hentry"],"yoast_head":"<!-- This site is optimized with the Yoast SEO plugin v24.2 - https:\/\/yoast.com\/wordpress\/plugins\/seo\/ -->\n<title>SIGURNOST ONLINE PLA\u0106ANJA - Notes of Zagreb<\/title>\n<meta name=\"robots\" content=\"index, follow, max-snippet:-1, max-image-preview:large, max-video-preview:-1\" \/>\n<link rel=\"canonical\" href=\"https:\/\/notesofzagreb.com\/hr\/sigurnost-online-placanja\/\" \/>\n<meta property=\"og:locale\" content=\"hr_HR\" \/>\n<meta property=\"og:type\" content=\"article\" \/>\n<meta property=\"og:title\" content=\"SIGURNOST ONLINE PLA\u0106ANJA - Notes of Zagreb\" \/>\n<meta property=\"og:description\" content=\"[spb_boxed_content title=&#8221;SIGURNOST ONLINE PLA\u0106ANJA&#8221; type=&#8221;coloured&#8221; padding_vertical=&#8221;0&#8243; padding_horizontal=&#8221;0&#8243; width=&#8221;1\/1&#8243; el_position=&#8221;first last&#8221;] Prilikom pla\u0107anja na na\u0161em web shopu koristite CorvusPay \u2013 napredni sustav za siguran prihvat kreditnih kartica na Internetu. CorvusPay osigurava potpunu privatnost podataka va\u0161e kreditne kartice od trenutka kada ih upi\u0161ete u CorvusPay obrazac za pla\u0107anje. Podaci potrebni za naplatu proslje\u0111uju se \u0161ifrirani iz va\u0161eg web preglednika banci koja je [&hellip;]\" \/>\n<meta property=\"og:url\" content=\"https:\/\/notesofzagreb.com\/hr\/sigurnost-online-placanja\/\" \/>\n<meta property=\"og:site_name\" content=\"Notes of Zagreb\" \/>\n<meta property=\"article:publisher\" content=\"http:\/\/facebook.com\/NotesofZagreb\/\" \/>\n<meta property=\"article:modified_time\" content=\"2024-09-20T09:15:15+00:00\" \/>\n<meta property=\"og:image\" content=\"https:\/\/notesofzagreb.com\/wp-content\/uploads\/2016\/03\/CorvusPay-300x94.png\" \/>\n<meta name=\"twitter:card\" content=\"summary_large_image\" \/>\n<meta name=\"twitter:label1\" content=\"Procijenjeno vrijeme \u010ditanja\" \/>\n\t<meta name=\"twitter:data1\" content=\"2 minute\" \/>\n<script type=\"application\/ld+json\" class=\"yoast-schema-graph\">{\"@context\":\"https:\/\/schema.org\",\"@graph\":[{\"@type\":\"WebPage\",\"@id\":\"https:\/\/notesofzagreb.com\/hr\/sigurnost-online-placanja\/\",\"url\":\"https:\/\/notesofzagreb.com\/hr\/sigurnost-online-placanja\/\",\"name\":\"SIGURNOST ONLINE PLA\u0106ANJA - Notes of Zagreb\",\"isPartOf\":{\"@id\":\"https:\/\/notesofzagreb.com\/hr\/#website\"},\"primaryImageOfPage\":{\"@id\":\"https:\/\/notesofzagreb.com\/hr\/sigurnost-online-placanja\/#primaryimage\"},\"image\":{\"@id\":\"https:\/\/notesofzagreb.com\/hr\/sigurnost-online-placanja\/#primaryimage\"},\"thumbnailUrl\":\"https:\/\/notesofzagreb.com\/wp-content\/uploads\/2016\/03\/CorvusPay-300x94.png\",\"datePublished\":\"2016-03-25T10:14:34+00:00\",\"dateModified\":\"2024-09-20T09:15:15+00:00\",\"breadcrumb\":{\"@id\":\"https:\/\/notesofzagreb.com\/hr\/sigurnost-online-placanja\/#breadcrumb\"},\"inLanguage\":\"hr\",\"potentialAction\":[{\"@type\":\"ReadAction\",\"target\":[\"https:\/\/notesofzagreb.com\/hr\/sigurnost-online-placanja\/\"]}]},{\"@type\":\"ImageObject\",\"inLanguage\":\"hr\",\"@id\":\"https:\/\/notesofzagreb.com\/hr\/sigurnost-online-placanja\/#primaryimage\",\"url\":\"https:\/\/notesofzagreb.com\/wp-content\/uploads\/2016\/03\/CorvusPay-300x94.png\",\"contentUrl\":\"https:\/\/notesofzagreb.com\/wp-content\/uploads\/2016\/03\/CorvusPay-300x94.png\"},{\"@type\":\"BreadcrumbList\",\"@id\":\"https:\/\/notesofzagreb.com\/hr\/sigurnost-online-placanja\/#breadcrumb\",\"itemListElement\":[{\"@type\":\"ListItem\",\"position\":1,\"name\":\"Home\",\"item\":\"https:\/\/notesofzagreb.com\/hr\/\"},{\"@type\":\"ListItem\",\"position\":2,\"name\":\"SIGURNOST ONLINE PLA\u0106ANJA\"}]},{\"@type\":\"WebSite\",\"@id\":\"https:\/\/notesofzagreb.com\/hr\/#website\",\"url\":\"https:\/\/notesofzagreb.com\/hr\/\",\"name\":\"Notes of Zagreb\",\"description\":\"Home Fragrances\",\"publisher\":{\"@id\":\"https:\/\/notesofzagreb.com\/hr\/#organization\"},\"potentialAction\":[{\"@type\":\"SearchAction\",\"target\":{\"@type\":\"EntryPoint\",\"urlTemplate\":\"https:\/\/notesofzagreb.com\/hr\/?s={search_term_string}\"},\"query-input\":{\"@type\":\"PropertyValueSpecification\",\"valueRequired\":true,\"valueName\":\"search_term_string\"}}],\"inLanguage\":\"hr\"},{\"@type\":\"Organization\",\"@id\":\"https:\/\/notesofzagreb.com\/hr\/#organization\",\"name\":\"Notes of Zagreb\",\"url\":\"https:\/\/notesofzagreb.com\/hr\/\",\"logo\":{\"@type\":\"ImageObject\",\"inLanguage\":\"hr\",\"@id\":\"https:\/\/notesofzagreb.com\/hr\/#\/schema\/logo\/image\/\",\"url\":\"https:\/\/notesofzagreb.com\/wp-content\/uploads\/2014\/12\/NoZ_logo_mobile.png\",\"contentUrl\":\"https:\/\/notesofzagreb.com\/wp-content\/uploads\/2014\/12\/NoZ_logo_mobile.png\",\"width\":229,\"height\":55,\"caption\":\"Notes of Zagreb\"},\"image\":{\"@id\":\"https:\/\/notesofzagreb.com\/hr\/#\/schema\/logo\/image\/\"},\"sameAs\":[\"http:\/\/facebook.com\/NotesofZagreb\/\",\"https:\/\/www.instagram.com\/notesofzagreb\/?hl=en\"]}]}<\/script>\n<!-- \/ Yoast SEO plugin. -->","yoast_head_json":{"title":"SIGURNOST ONLINE PLA\u0106ANJA - Notes of Zagreb","robots":{"index":"index","follow":"follow","max-snippet":"max-snippet:-1","max-image-preview":"max-image-preview:large","max-video-preview":"max-video-preview:-1"},"canonical":"https:\/\/notesofzagreb.com\/hr\/sigurnost-online-placanja\/","og_locale":"hr_HR","og_type":"article","og_title":"SIGURNOST ONLINE PLA\u0106ANJA - Notes of Zagreb","og_description":"[spb_boxed_content title=&#8221;SIGURNOST ONLINE PLA\u0106ANJA&#8221; type=&#8221;coloured&#8221; padding_vertical=&#8221;0&#8243; padding_horizontal=&#8221;0&#8243; width=&#8221;1\/1&#8243; el_position=&#8221;first last&#8221;] Prilikom pla\u0107anja na na\u0161em web shopu koristite CorvusPay \u2013 napredni sustav za siguran prihvat kreditnih kartica na Internetu. CorvusPay osigurava potpunu privatnost podataka va\u0161e kreditne kartice od trenutka kada ih upi\u0161ete u CorvusPay obrazac za pla\u0107anje. Podaci potrebni za naplatu proslje\u0111uju se \u0161ifrirani iz va\u0161eg web preglednika banci koja je [&hellip;]","og_url":"https:\/\/notesofzagreb.com\/hr\/sigurnost-online-placanja\/","og_site_name":"Notes of Zagreb","article_publisher":"http:\/\/facebook.com\/NotesofZagreb\/","article_modified_time":"2024-09-20T09:15:15+00:00","og_image":[{"url":"https:\/\/notesofzagreb.com\/wp-content\/uploads\/2016\/03\/CorvusPay-300x94.png","type":"","width":"","height":""}],"twitter_card":"summary_large_image","twitter_misc":{"Procijenjeno vrijeme \u010ditanja":"2 minute"},"schema":{"@context":"https:\/\/schema.org","@graph":[{"@type":"WebPage","@id":"https:\/\/notesofzagreb.com\/hr\/sigurnost-online-placanja\/","url":"https:\/\/notesofzagreb.com\/hr\/sigurnost-online-placanja\/","name":"SIGURNOST ONLINE PLA\u0106ANJA - Notes of Zagreb","isPartOf":{"@id":"https:\/\/notesofzagreb.com\/hr\/#website"},"primaryImageOfPage":{"@id":"https:\/\/notesofzagreb.com\/hr\/sigurnost-online-placanja\/#primaryimage"},"image":{"@id":"https:\/\/notesofzagreb.com\/hr\/sigurnost-online-placanja\/#primaryimage"},"thumbnailUrl":"https:\/\/notesofzagreb.com\/wp-content\/uploads\/2016\/03\/CorvusPay-300x94.png","datePublished":"2016-03-25T10:14:34+00:00","dateModified":"2024-09-20T09:15:15+00:00","breadcrumb":{"@id":"https:\/\/notesofzagreb.com\/hr\/sigurnost-online-placanja\/#breadcrumb"},"inLanguage":"hr","potentialAction":[{"@type":"ReadAction","target":["https:\/\/notesofzagreb.com\/hr\/sigurnost-online-placanja\/"]}]},{"@type":"ImageObject","inLanguage":"hr","@id":"https:\/\/notesofzagreb.com\/hr\/sigurnost-online-placanja\/#primaryimage","url":"https:\/\/notesofzagreb.com\/wp-content\/uploads\/2016\/03\/CorvusPay-300x94.png","contentUrl":"https:\/\/notesofzagreb.com\/wp-content\/uploads\/2016\/03\/CorvusPay-300x94.png"},{"@type":"BreadcrumbList","@id":"https:\/\/notesofzagreb.com\/hr\/sigurnost-online-placanja\/#breadcrumb","itemListElement":[{"@type":"ListItem","position":1,"name":"Home","item":"https:\/\/notesofzagreb.com\/hr\/"},{"@type":"ListItem","position":2,"name":"SIGURNOST ONLINE PLA\u0106ANJA"}]},{"@type":"WebSite","@id":"https:\/\/notesofzagreb.com\/hr\/#website","url":"https:\/\/notesofzagreb.com\/hr\/","name":"Notes of Zagreb","description":"Home Fragrances","publisher":{"@id":"https:\/\/notesofzagreb.com\/hr\/#organization"},"potentialAction":[{"@type":"SearchAction","target":{"@type":"EntryPoint","urlTemplate":"https:\/\/notesofzagreb.com\/hr\/?s={search_term_string}"},"query-input":{"@type":"PropertyValueSpecification","valueRequired":true,"valueName":"search_term_string"}}],"inLanguage":"hr"},{"@type":"Organization","@id":"https:\/\/notesofzagreb.com\/hr\/#organization","name":"Notes of Zagreb","url":"https:\/\/notesofzagreb.com\/hr\/","logo":{"@type":"ImageObject","inLanguage":"hr","@id":"https:\/\/notesofzagreb.com\/hr\/#\/schema\/logo\/image\/","url":"https:\/\/notesofzagreb.com\/wp-content\/uploads\/2014\/12\/NoZ_logo_mobile.png","contentUrl":"https:\/\/notesofzagreb.com\/wp-content\/uploads\/2014\/12\/NoZ_logo_mobile.png","width":229,"height":55,"caption":"Notes of Zagreb"},"image":{"@id":"https:\/\/notesofzagreb.com\/hr\/#\/schema\/logo\/image\/"},"sameAs":["http:\/\/facebook.com\/NotesofZagreb\/","https:\/\/www.instagram.com\/notesofzagreb\/?hl=en"]}]}},"_links":{"self":[{"href":"https:\/\/notesofzagreb.com\/hr\/wp-json\/wp\/v2\/pages\/18724","targetHints":{"allow":["GET"]}}],"collection":[{"href":"https:\/\/notesofzagreb.com\/hr\/wp-json\/wp\/v2\/pages"}],"about":[{"href":"https:\/\/notesofzagreb.com\/hr\/wp-json\/wp\/v2\/types\/page"}],"author":[{"embeddable":true,"href":"https:\/\/notesofzagreb.com\/hr\/wp-json\/wp\/v2\/users\/2"}],"replies":[{"embeddable":true,"href":"https:\/\/notesofzagreb.com\/hr\/wp-json\/wp\/v2\/comments?post=18724"}],"version-history":[{"count":8,"href":"https:\/\/notesofzagreb.com\/hr\/wp-json\/wp\/v2\/pages\/18724\/revisions"}],"predecessor-version":[{"id":18946,"href":"https:\/\/notesofzagreb.com\/hr\/wp-json\/wp\/v2\/pages\/18724\/revisions\/18946"}],"wp:attachment":[{"href":"https:\/\/notesofzagreb.com\/hr\/wp-json\/wp\/v2\/media?parent=18724"}],"curies":[{"name":"wp","href":"https:\/\/api.w.org\/{rel}","templated":true}]}}